{"id":13723,"date":"2025-10-09T09:51:01","date_gmt":"2025-10-09T09:51:01","guid":{"rendered":"http:\/\/hexexist.com\/product\/ninja-tables-kolay-veri-tablosu-olusturucu\/"},"modified":"2025-10-09T09:51:01","modified_gmt":"2025-10-09T09:51:01","slug":"ninja-tables-kolay-veri-tablosu-olusturucu","status":"publish","type":"product","link":"https:\/\/hexexist.com\/tr\/urun\/ninja-tables-kolay-veri-tablosu-olusturucu\/","title":{"rendered":"Ninja Tables Kolay Veri Tablosu Olu\u015fturucu"},"content":{"rendered":"<p>Web Sitesi | Oynatma Listesi | \u015eablonlar | Demo | Kullan\u0131m K\u0131lavuzu<\/p>\n","protected":false},"excerpt":{"rendered":"<p>Web Sitesi | Oynatma Listesi | \u015eablonlar | Demo | Kullan\u0131m K\u0131lavuzu<\/p>\n","protected":false},"featured_media":13390,"comment_status":"open","ping_status":"closed","template":"","meta":[],"product_brand":[],"product_cat":[1413],"product_tag":[1612,1608,1610,1613,1611],"class_list":{"0":"post-13723","1":"product","2":"type-product","3":"status-publish","4":"has-post-thumbnail","6":"product_cat-eklentiler","7":"product_tag-datatable-tr","8":"product_tag-elektronik-tablo","9":"product_tag-masa","10":"product_tag-masa-olusturucu","11":"product_tag-masalar","13":"first","14":"instock","15":"downloadable","16":"virtual","17":"product-type-simple"},"_links":{"self":[{"href":"https:\/\/hexexist.com\/tr\/wp-json\/wp\/v2\/product\/13723","targetHints":{"allow":["GET"]}}],"collection":[{"href":"https:\/\/hexexist.com\/tr\/wp-json\/wp\/v2\/product"}],"about":[{"href":"https:\/\/hexexist.com\/tr\/wp-json\/wp\/v2\/types\/product"}],"replies":[{"embeddable":true,"href":"https:\/\/hexexist.com\/tr\/wp-json\/wp\/v2\/comments?post=13723"}],"wp:featuredmedia":[{"embeddable":true,"href":"https:\/\/hexexist.com\/tr\/wp-json\/wp\/v2\/media\/13390"}],"wp:attachment":[{"href":"https:\/\/hexexist.com\/tr\/wp-json\/wp\/v2\/media?parent=13723"}],"wp:term":[{"taxonomy":"product_brand","embeddable":true,"href":"https:\/\/hexexist.com\/tr\/wp-json\/wp\/v2\/product_brand?post=13723"},{"taxonomy":"product_cat","embeddable":true,"href":"https:\/\/hexexist.com\/tr\/wp-json\/wp\/v2\/product_cat?post=13723"},{"taxonomy":"product_tag","embeddable":true,"href":"https:\/\/hexexist.com\/tr\/wp-json\/wp\/v2\/product_tag?post=13723"}],"curies":[{"name":"wp","href":"https:\/\/api.w.org\/{rel}","templated":true}]}}