{"id":13725,"date":"2025-10-09T09:51:00","date_gmt":"2025-10-09T09:51:00","guid":{"rendered":"http:\/\/hexexist.com\/product\/kolay-tema-ve-eklenti-yukseltmeleri\/"},"modified":"2025-10-09T09:51:00","modified_gmt":"2025-10-09T09:51:00","slug":"kolay-tema-ve-eklenti-yukseltmeleri","status":"publish","type":"product","link":"https:\/\/hexexist.com\/tr\/urun\/kolay-tema-ve-eklenti-yukseltmeleri\/","title":{"rendered":"Kolay Tema ve Eklenti Y\u00fckseltmeleri"},"content":{"rendered":"<p>WordPress, bir zip dosyas\u0131 sa\u011flayarak temalar\u0131 ve eklentileri y\u00fcklemek i\u00e7in yerle\u015fik bir \u00f6zelli\u011fe sahiptir. Ne yaz\u0131k ki, ayn\u0131 i\u015flemi kullanarak bir temay\u0131 veya eklentiyi y\u00fckseltemezsiniz. Bunun yerine, WordPress bir zip dosyas\u0131 kullanarak y\u00fckseltme yapmaya \u00e7al\u0131\u015ft\u0131\u011f\u0131nda &#8220;hedef zaten var&#8221; diyecek ve temay\u0131 veya eklentiyi y\u00fckseltmede ba\u015far\u0131s\u0131z olacakt\u0131r.<\/p>\n","protected":false},"excerpt":{"rendered":"<p>WordPress, bir zip dosyas\u0131 sa\u011flayarak temalar\u0131 ve eklentileri y\u00fcklemek i\u00e7in yerle\u015fik bir \u00f6zelli\u011fe sahiptir. Ne yaz\u0131k ki, ayn\u0131 i\u015flemi kullanarak bir temay\u0131 veya eklentiyi y\u00fckseltemezsiniz. Bunun yerine, WordPress bir zip dosyas\u0131 kullanarak y\u00fckseltme yapmaya \u00e7al\u0131\u015ft\u0131\u011f\u0131nda &#8220;hedef zaten var&#8221; diyecek ve temay\u0131 veya eklentiyi y\u00fckseltmede ba\u015far\u0131s\u0131z olacakt\u0131r.<\/p>\n","protected":false},"featured_media":13384,"comment_status":"open","ping_status":"closed","template":"","meta":[],"product_brand":[],"product_cat":[1413],"product_tag":[1417,1614,1616,1615],"class_list":{"0":"post-13725","1":"product","2":"type-product","3":"status-publish","4":"has-post-thumbnail","6":"product_cat-eklentiler","7":"product_tag-guncelleme","8":"product_tag-tema","9":"product_tag-yukle","10":"product_tag-yukseltme","12":"first","13":"instock","14":"downloadable","15":"virtual","16":"product-type-simple"},"_links":{"self":[{"href":"https:\/\/hexexist.com\/tr\/wp-json\/wp\/v2\/product\/13725","targetHints":{"allow":["GET"]}}],"collection":[{"href":"https:\/\/hexexist.com\/tr\/wp-json\/wp\/v2\/product"}],"about":[{"href":"https:\/\/hexexist.com\/tr\/wp-json\/wp\/v2\/types\/product"}],"replies":[{"embeddable":true,"href":"https:\/\/hexexist.com\/tr\/wp-json\/wp\/v2\/comments?post=13725"}],"wp:featuredmedia":[{"embeddable":true,"href":"https:\/\/hexexist.com\/tr\/wp-json\/wp\/v2\/media\/13384"}],"wp:attachment":[{"href":"https:\/\/hexexist.com\/tr\/wp-json\/wp\/v2\/media?parent=13725"}],"wp:term":[{"taxonomy":"product_brand","embeddable":true,"href":"https:\/\/hexexist.com\/tr\/wp-json\/wp\/v2\/product_brand?post=13725"},{"taxonomy":"product_cat","embeddable":true,"href":"https:\/\/hexexist.com\/tr\/wp-json\/wp\/v2\/product_cat?post=13725"},{"taxonomy":"product_tag","embeddable":true,"href":"https:\/\/hexexist.com\/tr\/wp-json\/wp\/v2\/product_tag?post=13725"}],"curies":[{"name":"wp","href":"https:\/\/api.w.org\/{rel}","templated":true}]}}