{"id":13726,"date":"2025-10-09T09:51:03","date_gmt":"2025-10-09T09:51:03","guid":{"rendered":"http:\/\/hexexist.com\/product\/wp-2fa-wordpress-icin-iki-faktorlu-kimlik-dogrulama\/"},"modified":"2025-10-09T09:51:03","modified_gmt":"2025-10-09T09:51:03","slug":"wp-2fa-wordpress-icin-iki-faktorlu-kimlik-dogrulama","status":"publish","type":"product","link":"https:\/\/hexexist.com\/tr\/urun\/wp-2fa-wordpress-icin-iki-faktorlu-kimlik-dogrulama\/","title":{"rendered":"WP 2FA WordPress i\u00e7in iki fakt\u00f6rl\u00fc kimlik do\u011frulama"},"content":{"rendered":"<p>WordPress web sitesi giri\u015f bilgilerinize ekstra bir g\u00fcvenlik katman\u0131 ekleyin ve kullan\u0131c\u0131lar\u0131n\u0131z\u0131 koruyun. Parola s\u0131z\u0131nt\u0131lar\u0131na, otomatik parola tahminlerine ve kaba kuvvet sald\u0131r\u0131lar\u0131na kar\u015f\u0131 en iyi koruma olan iki fakt\u00f6rl\u00fc kimlik do\u011frulamay\u0131 (2FA) etkinle\u015ftirin. <\/p>\n","protected":false},"excerpt":{"rendered":"<p>WordPress web sitesi giri\u015f bilgilerinize ekstra bir g\u00fcvenlik katman\u0131 ekleyin ve kullan\u0131c\u0131lar\u0131n\u0131z\u0131 koruyun. Parola s\u0131z\u0131nt\u0131lar\u0131na, otomatik parola tahminlerine ve kaba kuvvet sald\u0131r\u0131lar\u0131na kar\u015f\u0131 en iyi koruma olan iki fakt\u00f6rl\u00fc kimlik do\u011frulamay\u0131 (2FA) etkinle\u015ftirin.<\/p>\n","protected":false},"featured_media":13396,"comment_status":"open","ping_status":"closed","template":"","meta":[],"product_brand":[],"product_cat":[1413],"product_tag":[1618,1468,1619,1617,1620],"class_list":{"0":"post-13726","1":"product","2":"type-product","3":"status-publish","4":"has-post-thumbnail","6":"product_cat-eklentiler","7":"product_tag-2-faktorlu-kimlik-dogrulama","8":"product_tag-2fa-tr","9":"product_tag-google-kimlik-dogrulayici","10":"product_tag-iki-faktorlu-kimlik-dogrulama","11":"product_tag-wordpress-kimlik-dogrulamasi","13":"first","14":"instock","15":"downloadable","16":"virtual","17":"product-type-simple"},"_links":{"self":[{"href":"https:\/\/hexexist.com\/tr\/wp-json\/wp\/v2\/product\/13726","targetHints":{"allow":["GET"]}}],"collection":[{"href":"https:\/\/hexexist.com\/tr\/wp-json\/wp\/v2\/product"}],"about":[{"href":"https:\/\/hexexist.com\/tr\/wp-json\/wp\/v2\/types\/product"}],"replies":[{"embeddable":true,"href":"https:\/\/hexexist.com\/tr\/wp-json\/wp\/v2\/comments?post=13726"}],"wp:featuredmedia":[{"embeddable":true,"href":"https:\/\/hexexist.com\/tr\/wp-json\/wp\/v2\/media\/13396"}],"wp:attachment":[{"href":"https:\/\/hexexist.com\/tr\/wp-json\/wp\/v2\/media?parent=13726"}],"wp:term":[{"taxonomy":"product_brand","embeddable":true,"href":"https:\/\/hexexist.com\/tr\/wp-json\/wp\/v2\/product_brand?post=13726"},{"taxonomy":"product_cat","embeddable":true,"href":"https:\/\/hexexist.com\/tr\/wp-json\/wp\/v2\/product_cat?post=13726"},{"taxonomy":"product_tag","embeddable":true,"href":"https:\/\/hexexist.com\/tr\/wp-json\/wp\/v2\/product_tag?post=13726"}],"curies":[{"name":"wp","href":"https:\/\/api.w.org\/{rel}","templated":true}]}}