{"id":13727,"date":"2025-10-09T09:51:04","date_gmt":"2025-10-09T09:51:04","guid":{"rendered":"http:\/\/hexexist.com\/product\/hepsi-bir-arada-favicon\/"},"modified":"2025-10-09T09:51:04","modified_gmt":"2025-10-09T09:51:04","slug":"hepsi-bir-arada-favicon","status":"publish","type":"product","link":"https:\/\/hexexist.com\/tr\/urun\/hepsi-bir-arada-favicon\/","title":{"rendered":"Hepsi Bir Arada Favicon"},"content":{"rendered":"<p>Siteniz i\u00e7in en son WordPress f\u0131rsatlar\u0131na g\u00f6z at\u0131n.<\/p>\n","protected":false},"excerpt":{"rendered":"<p>Siteniz i\u00e7in en son WordPress f\u0131rsatlar\u0131na g\u00f6z at\u0131n.<\/p>\n","protected":false},"featured_media":13401,"comment_status":"open","ping_status":"closed","template":"","meta":[],"product_brand":[],"product_cat":[1413],"product_tag":[1621,1596,1614,1444],"class_list":{"0":"post-13727","1":"product","2":"type-product","3":"status-publish","4":"has-post-thumbnail","6":"product_cat-eklentiler","7":"product_tag-favicon-tr","8":"product_tag-image-tr","9":"product_tag-tema","10":"product_tag-yonetici","12":"first","13":"instock","14":"downloadable","15":"virtual","16":"product-type-simple"},"_links":{"self":[{"href":"https:\/\/hexexist.com\/tr\/wp-json\/wp\/v2\/product\/13727","targetHints":{"allow":["GET"]}}],"collection":[{"href":"https:\/\/hexexist.com\/tr\/wp-json\/wp\/v2\/product"}],"about":[{"href":"https:\/\/hexexist.com\/tr\/wp-json\/wp\/v2\/types\/product"}],"replies":[{"embeddable":true,"href":"https:\/\/hexexist.com\/tr\/wp-json\/wp\/v2\/comments?post=13727"}],"wp:featuredmedia":[{"embeddable":true,"href":"https:\/\/hexexist.com\/tr\/wp-json\/wp\/v2\/media\/13401"}],"wp:attachment":[{"href":"https:\/\/hexexist.com\/tr\/wp-json\/wp\/v2\/media?parent=13727"}],"wp:term":[{"taxonomy":"product_brand","embeddable":true,"href":"https:\/\/hexexist.com\/tr\/wp-json\/wp\/v2\/product_brand?post=13727"},{"taxonomy":"product_cat","embeddable":true,"href":"https:\/\/hexexist.com\/tr\/wp-json\/wp\/v2\/product_cat?post=13727"},{"taxonomy":"product_tag","embeddable":true,"href":"https:\/\/hexexist.com\/tr\/wp-json\/wp\/v2\/product_tag?post=13727"}],"curies":[{"name":"wp","href":"https:\/\/api.w.org\/{rel}","templated":true}]}}