{"id":13728,"date":"2025-10-09T09:51:03","date_gmt":"2025-10-09T09:51:03","guid":{"rendered":"http:\/\/hexexist.com\/product\/userway-ile-erisilebilirlik\/"},"modified":"2025-10-09T09:51:03","modified_gmt":"2025-10-09T09:51:03","slug":"userway-ile-erisilebilirlik","status":"publish","type":"product","link":"https:\/\/hexexist.com\/tr\/urun\/userway-ile-erisilebilirlik\/","title":{"rendered":"UserWay ile Eri\u015filebilirlik"},"content":{"rendered":"<p>Nereden ba\u015flayaca\u011f\u0131n\u0131z\u0131 bilmiyorsan\u0131z web eri\u015filebilirli\u011fi karma\u015f\u0131k ve bunalt\u0131c\u0131 g\u00f6r\u00fcnebilir.<\/p>\n","protected":false},"excerpt":{"rendered":"<p>Nereden ba\u015flayaca\u011f\u0131n\u0131z\u0131 bilmiyorsan\u0131z web eri\u015filebilirli\u011fi karma\u015f\u0131k ve bunalt\u0131c\u0131 g\u00f6r\u00fcnebilir.<\/p>\n","protected":false},"featured_media":13395,"comment_status":"open","ping_status":"closed","template":"","meta":[],"product_brand":[],"product_cat":[1413],"product_tag":[1624,1625,1622,1623],"class_list":{"0":"post-13728","1":"product","2":"type-product","3":"status-publish","4":"has-post-thumbnail","6":"product_cat-eklentiler","7":"product_tag-ada-tr","8":"product_tag-bolum-508","9":"product_tag-erisilebilirlik","10":"product_tag-wcag-tr","12":"first","13":"instock","14":"downloadable","15":"virtual","16":"product-type-simple"},"_links":{"self":[{"href":"https:\/\/hexexist.com\/tr\/wp-json\/wp\/v2\/product\/13728","targetHints":{"allow":["GET"]}}],"collection":[{"href":"https:\/\/hexexist.com\/tr\/wp-json\/wp\/v2\/product"}],"about":[{"href":"https:\/\/hexexist.com\/tr\/wp-json\/wp\/v2\/types\/product"}],"replies":[{"embeddable":true,"href":"https:\/\/hexexist.com\/tr\/wp-json\/wp\/v2\/comments?post=13728"}],"wp:featuredmedia":[{"embeddable":true,"href":"https:\/\/hexexist.com\/tr\/wp-json\/wp\/v2\/media\/13395"}],"wp:attachment":[{"href":"https:\/\/hexexist.com\/tr\/wp-json\/wp\/v2\/media?parent=13728"}],"wp:term":[{"taxonomy":"product_brand","embeddable":true,"href":"https:\/\/hexexist.com\/tr\/wp-json\/wp\/v2\/product_brand?post=13728"},{"taxonomy":"product_cat","embeddable":true,"href":"https:\/\/hexexist.com\/tr\/wp-json\/wp\/v2\/product_cat?post=13728"},{"taxonomy":"product_tag","embeddable":true,"href":"https:\/\/hexexist.com\/tr\/wp-json\/wp\/v2\/product_tag?post=13728"}],"curies":[{"name":"wp","href":"https:\/\/api.w.org\/{rel}","templated":true}]}}