{"id":13729,"date":"2025-10-09T09:51:04","date_gmt":"2025-10-09T09:51:04","guid":{"rendered":"http:\/\/hexexist.com\/product\/a2-optimized-wp-wordpress-sitenizi-guclendirin-ve-guvenligini-saglayin\/"},"modified":"2026-03-05T07:47:53","modified_gmt":"2026-03-05T07:47:53","slug":"a2-optimized-wp-wordpress-sitenizi-guclendirin-ve-guvenligini-saglayin","status":"publish","type":"product","link":"https:\/\/hexexist.com\/tr\/urun\/a2-optimized-wp-wordpress-sitenizi-guclendirin-ve-guvenligini-saglayin\/","title":{"rendered":"A2 Optimized WP WordPress sitenizi g\u00fc\u00e7lendirin ve g\u00fcvenli\u011fini sa\u011flay\u0131n"},"content":{"rendered":"<p>A2 Hosting&#8217;in A2 Optimized WP eklentisi ile WordPress sitenizin performans\u0131n\u0131 art\u0131rmak ve g\u00fcvenli\u011fini sa\u011flamak hi\u00e7 bu kadar kolay olmam\u0131\u015ft\u0131. Siteniz i\u00e7in \u00f6zelle\u015ftirilmi\u015f masa\u00fcst\u00fc ve mobil performans puanlar\u0131 al\u0131n: <\/p>\n","protected":false},"excerpt":{"rendered":"<p>A2 Hosting&#8217;in A2 Optimized WP eklentisi ile WordPress sitenizin performans\u0131n\u0131 art\u0131rmak ve g\u00fcvenli\u011fini sa\u011flamak hi\u00e7 bu kadar kolay olmam\u0131\u015ft\u0131. Siteniz i\u00e7in \u00f6zelle\u015ftirilmi\u015f masa\u00fcst\u00fc ve mobil performans puanlar\u0131 al\u0131n:<\/p>\n","protected":false},"featured_media":13400,"comment_status":"open","ping_status":"closed","template":"","meta":[],"product_brand":[],"product_cat":[1413],"product_tag":[1628,1627,1626],"class_list":{"0":"post-13729","1":"product","2":"type-product","3":"status-publish","4":"has-post-thumbnail","6":"product_cat-eklentiler","7":"product_tag-hiz","8":"product_tag-onbellek","9":"product_tag-optimize-edin","11":"first","12":"instock","13":"downloadable","14":"virtual","15":"product-type-simple"},"_links":{"self":[{"href":"https:\/\/hexexist.com\/tr\/wp-json\/wp\/v2\/product\/13729","targetHints":{"allow":["GET"]}}],"collection":[{"href":"https:\/\/hexexist.com\/tr\/wp-json\/wp\/v2\/product"}],"about":[{"href":"https:\/\/hexexist.com\/tr\/wp-json\/wp\/v2\/types\/product"}],"replies":[{"embeddable":true,"href":"https:\/\/hexexist.com\/tr\/wp-json\/wp\/v2\/comments?post=13729"}],"wp:featuredmedia":[{"embeddable":true,"href":"https:\/\/hexexist.com\/tr\/wp-json\/wp\/v2\/media\/13400"}],"wp:attachment":[{"href":"https:\/\/hexexist.com\/tr\/wp-json\/wp\/v2\/media?parent=13729"}],"wp:term":[{"taxonomy":"product_brand","embeddable":true,"href":"https:\/\/hexexist.com\/tr\/wp-json\/wp\/v2\/product_brand?post=13729"},{"taxonomy":"product_cat","embeddable":true,"href":"https:\/\/hexexist.com\/tr\/wp-json\/wp\/v2\/product_cat?post=13729"},{"taxonomy":"product_tag","embeddable":true,"href":"https:\/\/hexexist.com\/tr\/wp-json\/wp\/v2\/product_tag?post=13729"}],"curies":[{"name":"wp","href":"https:\/\/api.w.org\/{rel}","templated":true}]}}