{"id":13730,"date":"2025-10-09T09:51:03","date_gmt":"2025-10-09T09:51:03","guid":{"rendered":"http:\/\/hexexist.com\/product\/basit-yazar-kutusu\/"},"modified":"2025-10-09T09:51:03","modified_gmt":"2025-10-09T09:51:03","slug":"basit-yazar-kutusu","status":"publish","type":"product","link":"https:\/\/hexexist.com\/tr\/urun\/basit-yazar-kutusu\/","title":{"rendered":"Basit Yazar Kutusu"},"content":{"rendered":"<p>Basit Yazar Kutusu, yaz\u0131lar\u0131n\u0131z\u0131n sonuna yazar ad\u0131n\u0131, yazar gravatar\u0131n\u0131 ve yazar a\u00e7\u0131klamas\u0131 yazar biyografisini g\u00f6steren duyarl\u0131 bir yazar kutusu ekler. Ayr\u0131ca WordPress kullan\u0131c\u0131 profili ekran\u0131na 30&#8217;dan fazla sosyal profil alan\u0131 ekleyerek yazar kutusunda yazar sosyal simgelerinin g\u00f6r\u00fcnt\u00fclenmesini sa\u011flar. <\/p>\n","protected":false},"excerpt":{"rendered":"<p>Basit Yazar Kutusu, yaz\u0131lar\u0131n\u0131z\u0131n sonuna yazar ad\u0131n\u0131, yazar gravatar\u0131n\u0131 ve yazar a\u00e7\u0131klamas\u0131 yazar biyografisini g\u00f6steren duyarl\u0131 bir yazar kutusu ekler. Ayr\u0131ca WordPress kullan\u0131c\u0131 profili ekran\u0131na 30&#8217;dan fazla sosyal profil alan\u0131 ekleyerek yazar kutusunda yazar sosyal simgelerinin g\u00f6r\u00fcnt\u00fclenmesini sa\u011flar.<\/p>\n","protected":false},"featured_media":13394,"comment_status":"open","ping_status":"closed","template":"","meta":[],"product_brand":[],"product_cat":[1413],"product_tag":[1633,1629,1630,1631,1632],"class_list":{"0":"post-13730","1":"product","2":"type-product","3":"status-publish","4":"has-post-thumbnail","6":"product_cat-eklentiler","7":"product_tag-konuk-yazar","8":"product_tag-yazar-biyografisi","9":"product_tag-yazar-kutusu","10":"product_tag-yazar-profili","11":"product_tag-yazar-sosyal-simgeleri","13":"first","14":"instock","15":"downloadable","16":"virtual","17":"product-type-simple"},"_links":{"self":[{"href":"https:\/\/hexexist.com\/tr\/wp-json\/wp\/v2\/product\/13730","targetHints":{"allow":["GET"]}}],"collection":[{"href":"https:\/\/hexexist.com\/tr\/wp-json\/wp\/v2\/product"}],"about":[{"href":"https:\/\/hexexist.com\/tr\/wp-json\/wp\/v2\/types\/product"}],"replies":[{"embeddable":true,"href":"https:\/\/hexexist.com\/tr\/wp-json\/wp\/v2\/comments?post=13730"}],"wp:featuredmedia":[{"embeddable":true,"href":"https:\/\/hexexist.com\/tr\/wp-json\/wp\/v2\/media\/13394"}],"wp:attachment":[{"href":"https:\/\/hexexist.com\/tr\/wp-json\/wp\/v2\/media?parent=13730"}],"wp:term":[{"taxonomy":"product_brand","embeddable":true,"href":"https:\/\/hexexist.com\/tr\/wp-json\/wp\/v2\/product_brand?post=13730"},{"taxonomy":"product_cat","embeddable":true,"href":"https:\/\/hexexist.com\/tr\/wp-json\/wp\/v2\/product_cat?post=13730"},{"taxonomy":"product_tag","embeddable":true,"href":"https:\/\/hexexist.com\/tr\/wp-json\/wp\/v2\/product_tag?post=13730"}],"curies":[{"name":"wp","href":"https:\/\/api.w.org\/{rel}","templated":true}]}}