{"id":13731,"date":"2025-10-09T09:51:04","date_gmt":"2025-10-09T09:51:04","guid":{"rendered":"http:\/\/hexexist.com\/product\/yorumlar-wpdiscuz\/"},"modified":"2025-10-09T09:51:04","modified_gmt":"2025-10-09T09:51:04","slug":"yorumlar-wpdiscuz","status":"publish","type":"product","link":"https:\/\/hexexist.com\/tr\/urun\/yorumlar-wpdiscuz\/","title":{"rendered":"Yorumlar wpDiscuz"},"content":{"rendered":"<p>\u00d6zel yorum formu ve alanlar\u0131 ile AJAX ger\u00e7ek zamanl\u0131 yorum sistemi. WordPress yerel yorumlar\u0131n\u0131 g\u00fc\u00e7lendirmek i\u00e7in tasarlanm\u0131\u015ft\u0131r. D\u00fczinelerce \u00f6zellik ile s\u00fcper h\u0131zl\u0131 ve duyarl\u0131. Yorumlar\u0131n\u0131z\u0131 veritaban\u0131n\u0131zda tutmak istiyorsan\u0131z, Disqus ve Jetpack Comments&#8217;e en iyi alternatiftir.   <\/p>\n","protected":false},"excerpt":{"rendered":"<p>\u00d6zel yorum formu ve alanlar\u0131 ile AJAX ger\u00e7ek zamanl\u0131 yorum sistemi. WordPress yerel yorumlar\u0131n\u0131 g\u00fc\u00e7lendirmek i\u00e7in tasarlanm\u0131\u015ft\u0131r. D\u00fczinelerce \u00f6zellik ile s\u00fcper h\u0131zl\u0131 ve duyarl\u0131. Yorumlar\u0131n\u0131z\u0131 veritaban\u0131n\u0131zda tutmak istiyorsan\u0131z, Disqus ve Jetpack Comments&#8217;e en iyi alternatiftir.<\/p>\n","protected":false},"featured_media":13399,"comment_status":"open","ping_status":"closed","template":"","meta":[],"product_brand":[],"product_cat":[1413],"product_tag":[1635,1636,1637,1638,1634],"class_list":{"0":"post-13731","1":"product","2":"type-product","3":"status-publish","4":"has-post-thumbnail","6":"product_cat-eklentiler","7":"product_tag-ajax-yorumlari","8":"product_tag-yorum","9":"product_tag-yorum-alanlari","10":"product_tag-yorum-formu","11":"product_tag-yorumlar","13":"first","14":"instock","15":"downloadable","16":"virtual","17":"product-type-simple"},"_links":{"self":[{"href":"https:\/\/hexexist.com\/tr\/wp-json\/wp\/v2\/product\/13731","targetHints":{"allow":["GET"]}}],"collection":[{"href":"https:\/\/hexexist.com\/tr\/wp-json\/wp\/v2\/product"}],"about":[{"href":"https:\/\/hexexist.com\/tr\/wp-json\/wp\/v2\/types\/product"}],"replies":[{"embeddable":true,"href":"https:\/\/hexexist.com\/tr\/wp-json\/wp\/v2\/comments?post=13731"}],"wp:featuredmedia":[{"embeddable":true,"href":"https:\/\/hexexist.com\/tr\/wp-json\/wp\/v2\/media\/13399"}],"wp:attachment":[{"href":"https:\/\/hexexist.com\/tr\/wp-json\/wp\/v2\/media?parent=13731"}],"wp:term":[{"taxonomy":"product_brand","embeddable":true,"href":"https:\/\/hexexist.com\/tr\/wp-json\/wp\/v2\/product_brand?post=13731"},{"taxonomy":"product_cat","embeddable":true,"href":"https:\/\/hexexist.com\/tr\/wp-json\/wp\/v2\/product_cat?post=13731"},{"taxonomy":"product_tag","embeddable":true,"href":"https:\/\/hexexist.com\/tr\/wp-json\/wp\/v2\/product_tag?post=13731"}],"curies":[{"name":"wp","href":"https:\/\/api.w.org\/{rel}","templated":true}]}}