{"id":13733,"date":"2025-10-09T09:51:04","date_gmt":"2025-10-09T09:51:04","guid":{"rendered":"http:\/\/hexexist.com\/product\/gizlilik-uyumlulugu-icin-wpconsent-cerez-onayi-banneri-gdpr-ccpa\/"},"modified":"2025-10-09T09:51:04","modified_gmt":"2025-10-09T09:51:04","slug":"gizlilik-uyumlulugu-icin-wpconsent-cerez-onayi-banneri-gdpr-ccpa","status":"publish","type":"product","link":"https:\/\/hexexist.com\/tr\/urun\/gizlilik-uyumlulugu-icin-wpconsent-cerez-onayi-banneri-gdpr-ccpa\/","title":{"rendered":"Gizlilik Uyumlulu\u011fu i\u00e7in WPConsent \u00c7erez Onay\u0131 Banner&#8217;\u0131 (GDPR \/ CCPA)"},"content":{"rendered":"<p>WPConsent, WordPress web sitenize GDPR \/ CCPA \u00e7erez izni banner&#8217;\u0131 eklemenin en kolay yoludur. Banner&#8217;\u0131 web sitenizin markas\u0131na uyacak \u015fekilde \u00f6zelle\u015ftirebilir ve nas\u0131l g\u00f6r\u00fcnece\u011fini yap\u0131land\u0131rabilirsiniz. <\/p>\n","protected":false},"excerpt":{"rendered":"<p>WPConsent, WordPress web sitenize GDPR \/ CCPA \u00e7erez izni banner&#8217;\u0131 eklemenin en kolay yoludur. Banner&#8217;\u0131 web sitenizin markas\u0131na uyacak \u015fekilde \u00f6zelle\u015ftirebilir ve nas\u0131l g\u00f6r\u00fcnece\u011fini yap\u0131land\u0131rabilirsiniz.<\/p>\n","protected":false},"featured_media":13398,"comment_status":"open","ping_status":"closed","template":"","meta":[],"product_brand":[],"product_cat":[1413],"product_tag":[1644,1643,1462,1460,1464],"class_list":{"0":"post-13733","1":"product","2":"type-product","3":"status-publish","4":"has-post-thumbnail","6":"product_cat-eklentiler","7":"product_tag-cerez-bildirimi","8":"product_tag-cerez-onayi","9":"product_tag-gdpr-tr","10":"product_tag-kurabiye","11":"product_tag-riza","13":"first","14":"instock","15":"downloadable","16":"virtual","17":"product-type-simple"},"_links":{"self":[{"href":"https:\/\/hexexist.com\/tr\/wp-json\/wp\/v2\/product\/13733","targetHints":{"allow":["GET"]}}],"collection":[{"href":"https:\/\/hexexist.com\/tr\/wp-json\/wp\/v2\/product"}],"about":[{"href":"https:\/\/hexexist.com\/tr\/wp-json\/wp\/v2\/types\/product"}],"replies":[{"embeddable":true,"href":"https:\/\/hexexist.com\/tr\/wp-json\/wp\/v2\/comments?post=13733"}],"wp:featuredmedia":[{"embeddable":true,"href":"https:\/\/hexexist.com\/tr\/wp-json\/wp\/v2\/media\/13398"}],"wp:attachment":[{"href":"https:\/\/hexexist.com\/tr\/wp-json\/wp\/v2\/media?parent=13733"}],"wp:term":[{"taxonomy":"product_brand","embeddable":true,"href":"https:\/\/hexexist.com\/tr\/wp-json\/wp\/v2\/product_brand?post=13733"},{"taxonomy":"product_cat","embeddable":true,"href":"https:\/\/hexexist.com\/tr\/wp-json\/wp\/v2\/product_cat?post=13733"},{"taxonomy":"product_tag","embeddable":true,"href":"https:\/\/hexexist.com\/tr\/wp-json\/wp\/v2\/product_tag?post=13733"}],"curies":[{"name":"wp","href":"https:\/\/api.w.org\/{rel}","templated":true}]}}