{"id":13734,"date":"2025-10-09T09:51:04","date_gmt":"2025-10-09T09:51:04","guid":{"rendered":"http:\/\/hexexist.com\/product\/akilli-kayan-yapiskan-dugmeler-arama-paylasma-sohbet-widgetlari-ve-daha-fazlasi-buttonizer\/"},"modified":"2025-10-09T09:51:04","modified_gmt":"2025-10-09T09:51:04","slug":"akilli-kayan-yapiskan-dugmeler-arama-paylasma-sohbet-widgetlari-ve-daha-fazlasi-buttonizer","status":"publish","type":"product","link":"https:\/\/hexexist.com\/tr\/urun\/akilli-kayan-yapiskan-dugmeler-arama-paylasma-sohbet-widgetlari-ve-daha-fazlasi-buttonizer\/","title":{"rendered":"Ak\u0131ll\u0131 Kayan \/ Yap\u0131\u015fkan D\u00fc\u011fmeler Arama, Payla\u015fma, Sohbet Widget&#8217;lar\u0131 ve Daha Fazlas\u0131 Buttonizer"},"content":{"rendered":"<p>\u00d6zellikler | Bilgi taban\u0131 | Topluluk<\/p>\n","protected":false},"excerpt":{"rendered":"<p>\u00d6zellikler | Bilgi taban\u0131 | Topluluk<\/p>\n","protected":false},"featured_media":13403,"comment_status":"open","ping_status":"closed","template":"","meta":[],"product_brand":[],"product_cat":[1413],"product_tag":[1649,1646,1648,1645,1647],"class_list":{"0":"post-13734","1":"product","2":"type-product","3":"status-publish","4":"has-post-thumbnail","6":"product_cat-eklentiler","7":"product_tag-ara","8":"product_tag-donusum","9":"product_tag-eylem-dugmesi","10":"product_tag-pazarlama","11":"product_tag-sosyal-paylasim","13":"first","14":"instock","15":"downloadable","16":"virtual","17":"product-type-simple"},"_links":{"self":[{"href":"https:\/\/hexexist.com\/tr\/wp-json\/wp\/v2\/product\/13734","targetHints":{"allow":["GET"]}}],"collection":[{"href":"https:\/\/hexexist.com\/tr\/wp-json\/wp\/v2\/product"}],"about":[{"href":"https:\/\/hexexist.com\/tr\/wp-json\/wp\/v2\/types\/product"}],"replies":[{"embeddable":true,"href":"https:\/\/hexexist.com\/tr\/wp-json\/wp\/v2\/comments?post=13734"}],"wp:featuredmedia":[{"embeddable":true,"href":"https:\/\/hexexist.com\/tr\/wp-json\/wp\/v2\/media\/13403"}],"wp:attachment":[{"href":"https:\/\/hexexist.com\/tr\/wp-json\/wp\/v2\/media?parent=13734"}],"wp:term":[{"taxonomy":"product_brand","embeddable":true,"href":"https:\/\/hexexist.com\/tr\/wp-json\/wp\/v2\/product_brand?post=13734"},{"taxonomy":"product_cat","embeddable":true,"href":"https:\/\/hexexist.com\/tr\/wp-json\/wp\/v2\/product_cat?post=13734"},{"taxonomy":"product_tag","embeddable":true,"href":"https:\/\/hexexist.com\/tr\/wp-json\/wp\/v2\/product_tag?post=13734"}],"curies":[{"name":"wp","href":"https:\/\/api.w.org\/{rel}","templated":true}]}}