{"id":13735,"date":"2025-10-09T09:51:04","date_gmt":"2025-10-09T09:51:04","guid":{"rendered":"http:\/\/hexexist.com\/product\/wordpress-icin-veritabani-yedekleme\/"},"modified":"2025-10-09T09:51:04","modified_gmt":"2025-10-09T09:51:04","slug":"wordpress-icin-veritabani-yedekleme","status":"publish","type":"product","link":"https:\/\/hexexist.com\/tr\/urun\/wordpress-icin-veritabani-yedekleme\/","title":{"rendered":"WordPress i\u00e7in Veritaban\u0131 Yedekleme"},"content":{"rendered":"<p>Veritaban\u0131n\u0131z\u0131 an\u0131nda yedekleyin, yedeklemeyi e-posta ile g\u00f6nderin veya yedeklemeleri otomatik olarak \u00e7al\u0131\u015facak \u015fekilde zamanlay\u0131n.<\/p>\n","protected":false},"excerpt":{"rendered":"<p>Veritaban\u0131n\u0131z\u0131 an\u0131nda yedekleyin, yedeklemeyi e-posta ile g\u00f6nderin veya yedeklemeleri otomatik olarak \u00e7al\u0131\u015facak \u015fekilde zamanlay\u0131n.<\/p>\n","protected":false},"featured_media":13397,"comment_status":"open","ping_status":"closed","template":"","meta":[],"product_brand":[],"product_cat":[1413],"product_tag":[1653,1652,1651,1650],"class_list":{"0":"post-13735","1":"product","2":"type-product","3":"status-publish","4":"has-post-thumbnail","6":"product_cat-eklentiler","7":"product_tag-mysql-tr","8":"product_tag-veritabani","9":"product_tag-veritabani-yedekleme","10":"product_tag-yedekleme","12":"first","13":"instock","14":"downloadable","15":"virtual","16":"product-type-simple"},"_links":{"self":[{"href":"https:\/\/hexexist.com\/tr\/wp-json\/wp\/v2\/product\/13735","targetHints":{"allow":["GET"]}}],"collection":[{"href":"https:\/\/hexexist.com\/tr\/wp-json\/wp\/v2\/product"}],"about":[{"href":"https:\/\/hexexist.com\/tr\/wp-json\/wp\/v2\/types\/product"}],"replies":[{"embeddable":true,"href":"https:\/\/hexexist.com\/tr\/wp-json\/wp\/v2\/comments?post=13735"}],"wp:featuredmedia":[{"embeddable":true,"href":"https:\/\/hexexist.com\/tr\/wp-json\/wp\/v2\/media\/13397"}],"wp:attachment":[{"href":"https:\/\/hexexist.com\/tr\/wp-json\/wp\/v2\/media?parent=13735"}],"wp:term":[{"taxonomy":"product_brand","embeddable":true,"href":"https:\/\/hexexist.com\/tr\/wp-json\/wp\/v2\/product_brand?post=13735"},{"taxonomy":"product_cat","embeddable":true,"href":"https:\/\/hexexist.com\/tr\/wp-json\/wp\/v2\/product_cat?post=13735"},{"taxonomy":"product_tag","embeddable":true,"href":"https:\/\/hexexist.com\/tr\/wp-json\/wp\/v2\/product_tag?post=13735"}],"curies":[{"name":"wp","href":"https:\/\/api.w.org\/{rel}","templated":true}]}}