{"id":13736,"date":"2025-10-09T09:51:04","date_gmt":"2025-10-09T09:51:04","guid":{"rendered":"http:\/\/hexexist.com\/product\/daha-iyi-font-awesome\/"},"modified":"2025-10-09T09:51:04","modified_gmt":"2025-10-09T09:51:04","slug":"daha-iyi-font-awesome","status":"publish","type":"product","link":"https:\/\/hexexist.com\/tr\/urun\/daha-iyi-font-awesome\/","title":{"rendered":"Daha \u0130yi Font Awesome"},"content":{"rendered":"<p>Better Font Awesome, Font Awesome&#8217;\u0131n mevcut en son s\u00fcr\u00fcm\u00fcn\u00fc, e\u015flik eden CSS, k\u0131sa kodlar ve TinyMCE simge k\u0131sa kod olu\u015fturucu ile birlikte WordPress projenize otomatik olarak entegre etmenizi sa\u011flar.<\/p>\n","protected":false},"excerpt":{"rendered":"<p>Better Font Awesome, Font Awesome&#8217;\u0131n mevcut en son s\u00fcr\u00fcm\u00fcn\u00fc, e\u015flik eden CSS, k\u0131sa kodlar ve TinyMCE simge k\u0131sa kod olu\u015fturucu ile birlikte WordPress projenize otomatik olarak entegre etmenizi sa\u011flar.<\/p>\n","protected":false},"featured_media":13402,"comment_status":"open","ping_status":"closed","template":"","meta":[],"product_brand":[],"product_cat":[1413],"product_tag":[1658,1654,1657,1655,1656],"class_list":{"0":"post-13736","1":"product","2":"type-product","3":"status-publish","4":"has-post-thumbnail","6":"product_cat-eklentiler","7":"product_tag-daha-iyi","8":"product_tag-icon-tr","9":"product_tag-muthis","10":"product_tag-simgeler","11":"product_tag-yazi-tipi","13":"first","14":"instock","15":"downloadable","16":"virtual","17":"product-type-simple"},"_links":{"self":[{"href":"https:\/\/hexexist.com\/tr\/wp-json\/wp\/v2\/product\/13736","targetHints":{"allow":["GET"]}}],"collection":[{"href":"https:\/\/hexexist.com\/tr\/wp-json\/wp\/v2\/product"}],"about":[{"href":"https:\/\/hexexist.com\/tr\/wp-json\/wp\/v2\/types\/product"}],"replies":[{"embeddable":true,"href":"https:\/\/hexexist.com\/tr\/wp-json\/wp\/v2\/comments?post=13736"}],"wp:featuredmedia":[{"embeddable":true,"href":"https:\/\/hexexist.com\/tr\/wp-json\/wp\/v2\/media\/13402"}],"wp:attachment":[{"href":"https:\/\/hexexist.com\/tr\/wp-json\/wp\/v2\/media?parent=13736"}],"wp:term":[{"taxonomy":"product_brand","embeddable":true,"href":"https:\/\/hexexist.com\/tr\/wp-json\/wp\/v2\/product_brand?post=13736"},{"taxonomy":"product_cat","embeddable":true,"href":"https:\/\/hexexist.com\/tr\/wp-json\/wp\/v2\/product_cat?post=13736"},{"taxonomy":"product_tag","embeddable":true,"href":"https:\/\/hexexist.com\/tr\/wp-json\/wp\/v2\/product_tag?post=13736"}],"curies":[{"name":"wp","href":"https:\/\/api.w.org\/{rel}","templated":true}]}}