{"id":13737,"date":"2025-10-09T09:51:05","date_gmt":"2025-10-09T09:51:05","guid":{"rendered":"http:\/\/hexexist.com\/product\/etkinlik-yoneticisi-takvimi-rezervasyonlar-biletler-ve-daha-fazlasi\/"},"modified":"2025-10-09T09:51:05","modified_gmt":"2025-10-09T09:51:05","slug":"etkinlik-yoneticisi-takvimi-rezervasyonlar-biletler-ve-daha-fazlasi","status":"publish","type":"product","link":"https:\/\/hexexist.com\/tr\/urun\/etkinlik-yoneticisi-takvimi-rezervasyonlar-biletler-ve-daha-fazlasi\/","title":{"rendered":"Etkinlik Y\u00f6neticisi Takvimi, Rezervasyonlar, Biletler ve daha fazlas\u0131!"},"content":{"rendered":"<p>Events Manager, esneklik, g\u00fcvenilirlik ve g\u00fc\u00e7l\u00fc \u00f6zellikler ilkelerine dayanan WordPress i\u00e7in tam \u00f6zellikli bir etkinlik takvimi, rezervasyonlar, randevular ve kay\u0131t y\u00f6netimi eklentisidir!<\/p>\n","protected":false},"excerpt":{"rendered":"<p>Events Manager, esneklik, g\u00fcvenilirlik ve g\u00fc\u00e7l\u00fc \u00f6zellikler ilkelerine dayanan WordPress i\u00e7in tam \u00f6zellikli bir etkinlik takvimi, rezervasyonlar, randevular ve kay\u0131t y\u00f6netimi eklentisidir!<\/p>\n","protected":false},"featured_media":13405,"comment_status":"open","ping_status":"closed","template":"","meta":[],"product_brand":[],"product_cat":[1413],"product_tag":[1662,1660,1476,1664,1659],"class_list":{"0":"post-13737","1":"product","2":"type-product","3":"status-publish","4":"has-post-thumbnail","6":"product_cat-eklentiler","7":"product_tag-biletler","8":"product_tag-olaylar","9":"product_tag-randevular","10":"product_tag-rezervasyonlar","11":"product_tag-takvim","13":"first","14":"instock","15":"downloadable","16":"virtual","17":"product-type-simple"},"_links":{"self":[{"href":"https:\/\/hexexist.com\/tr\/wp-json\/wp\/v2\/product\/13737","targetHints":{"allow":["GET"]}}],"collection":[{"href":"https:\/\/hexexist.com\/tr\/wp-json\/wp\/v2\/product"}],"about":[{"href":"https:\/\/hexexist.com\/tr\/wp-json\/wp\/v2\/types\/product"}],"replies":[{"embeddable":true,"href":"https:\/\/hexexist.com\/tr\/wp-json\/wp\/v2\/comments?post=13737"}],"wp:featuredmedia":[{"embeddable":true,"href":"https:\/\/hexexist.com\/tr\/wp-json\/wp\/v2\/media\/13405"}],"wp:attachment":[{"href":"https:\/\/hexexist.com\/tr\/wp-json\/wp\/v2\/media?parent=13737"}],"wp:term":[{"taxonomy":"product_brand","embeddable":true,"href":"https:\/\/hexexist.com\/tr\/wp-json\/wp\/v2\/product_brand?post=13737"},{"taxonomy":"product_cat","embeddable":true,"href":"https:\/\/hexexist.com\/tr\/wp-json\/wp\/v2\/product_cat?post=13737"},{"taxonomy":"product_tag","embeddable":true,"href":"https:\/\/hexexist.com\/tr\/wp-json\/wp\/v2\/product_tag?post=13737"}],"curies":[{"name":"wp","href":"https:\/\/api.w.org\/{rel}","templated":true}]}}