{"id":13738,"date":"2025-10-09T09:51:05","date_gmt":"2025-10-09T09:51:05","guid":{"rendered":"http:\/\/hexexist.com\/product\/wordpress-icin-mailgun\/"},"modified":"2025-10-09T09:51:05","modified_gmt":"2025-10-09T09:51:05","slug":"wordpress-icin-mailgun","status":"publish","type":"product","link":"https:\/\/hexexist.com\/tr\/urun\/wordpress-icin-mailgun\/","title":{"rendered":"WordPress i\u00e7in Mailgun"},"content":{"rendered":"<p>Mailgun, e-posta g\u00f6ndermek, almak ve izlemek i\u00e7in 10.000&#8217;den fazla web sitesi ve uygulama geli\u015ftiricisinin g\u00fcvendi\u011fi e-posta otomasyon motorudur. Mailgun&#8217;un g\u00fc\u00e7l\u00fc e-posta API&#8217;lerinden yararlanarak, geli\u015ftiriciler harika web siteleri olu\u015fturmak i\u00e7in daha fazla zaman harcayabilir ve e-posta sunucular\u0131yla sava\u015fmaya daha az zaman ay\u0131rabilirler. Mailgun PHP, Ruby, Python, C# ve Java dahil olmak \u00fczere en pop\u00fcler dillerin t\u00fcm\u00fcn\u00fc destekler.  <\/p>\n","protected":false},"excerpt":{"rendered":"<p>Mailgun, e-posta g\u00f6ndermek, almak ve izlemek i\u00e7in 10.000&#8217;den fazla web sitesi ve uygulama geli\u015ftiricisinin g\u00fcvendi\u011fi e-posta otomasyon motorudur. Mailgun&#8217;un g\u00fc\u00e7l\u00fc e-posta API&#8217;lerinden yararlanarak, geli\u015ftiriciler harika web siteleri olu\u015fturmak i\u00e7in daha fazla zaman harcayabilir ve e-posta sunucular\u0131yla sava\u015fmaya daha az zaman ay\u0131rabilirler. Mailgun PHP, Ruby, Python, C# ve Java dahil olmak \u00fczere en pop\u00fcler dillerin t\u00fcm\u00fcn\u00fc [&hellip;]<\/p>\n","protected":false},"featured_media":13410,"comment_status":"open","ping_status":"closed","template":"","meta":[],"product_brand":[],"product_cat":[1413],"product_tag":[1446,1665,1663,1666,1661],"class_list":{"0":"post-13738","1":"product","2":"type-product","3":"status-publish","4":"has-post-thumbnail","6":"product_cat-eklentiler","7":"product_tag-api-tr","8":"product_tag-http-tr","9":"product_tag-posta","10":"product_tag-posta-tabancasi","11":"product_tag-smtp-tr","13":"first","14":"instock","15":"downloadable","16":"virtual","17":"product-type-simple"},"_links":{"self":[{"href":"https:\/\/hexexist.com\/tr\/wp-json\/wp\/v2\/product\/13738","targetHints":{"allow":["GET"]}}],"collection":[{"href":"https:\/\/hexexist.com\/tr\/wp-json\/wp\/v2\/product"}],"about":[{"href":"https:\/\/hexexist.com\/tr\/wp-json\/wp\/v2\/types\/product"}],"replies":[{"embeddable":true,"href":"https:\/\/hexexist.com\/tr\/wp-json\/wp\/v2\/comments?post=13738"}],"wp:featuredmedia":[{"embeddable":true,"href":"https:\/\/hexexist.com\/tr\/wp-json\/wp\/v2\/media\/13410"}],"wp:attachment":[{"href":"https:\/\/hexexist.com\/tr\/wp-json\/wp\/v2\/media?parent=13738"}],"wp:term":[{"taxonomy":"product_brand","embeddable":true,"href":"https:\/\/hexexist.com\/tr\/wp-json\/wp\/v2\/product_brand?post=13738"},{"taxonomy":"product_cat","embeddable":true,"href":"https:\/\/hexexist.com\/tr\/wp-json\/wp\/v2\/product_cat?post=13738"},{"taxonomy":"product_tag","embeddable":true,"href":"https:\/\/hexexist.com\/tr\/wp-json\/wp\/v2\/product_tag?post=13738"}],"curies":[{"name":"wp","href":"https:\/\/api.w.org\/{rel}","templated":true}]}}