{"id":13739,"date":"2025-10-09T09:51:05","date_gmt":"2025-10-09T09:51:05","guid":{"rendered":"http:\/\/hexexist.com\/product\/loftloader\/"},"modified":"2025-10-09T09:51:05","modified_gmt":"2025-10-09T09:51:05","slug":"loftloader","status":"publish","type":"product","link":"https:\/\/hexexist.com\/tr\/urun\/loftloader\/","title":{"rendered":"LoftLoader"},"content":{"rendered":"<p>K\u00fc\u00e7\u00fck ve g\u00fc\u00e7l\u00fc. LoftLoader, web sitenize g\u00fczel bir animasyonlu \u00f6n y\u00fckleyici eklemenize ve herhangi bir kod yazmadan g\u00f6r\u00fcn\u00fcm\u00fc \u00fczerinde tam kontrole sahip olman\u0131za yard\u0131mc\u0131 olur. <\/p>\n","protected":false},"excerpt":{"rendered":"<p>K\u00fc\u00e7\u00fck ve g\u00fc\u00e7l\u00fc. LoftLoader, web sitenize g\u00fczel bir animasyonlu \u00f6n y\u00fckleyici eklemenize ve herhangi bir kod yazmadan g\u00f6r\u00fcn\u00fcm\u00fc \u00fczerinde tam kontrole sahip olman\u0131za yard\u0131mc\u0131 olur.<\/p>\n","protected":false},"featured_media":13409,"comment_status":"open","ping_status":"closed","template":"","meta":[],"product_brand":[],"product_cat":[1413],"product_tag":[1667,1669,1673,1671],"class_list":{"0":"post-13739","1":"product","2":"type-product","3":"status-publish","4":"has-post-thumbnail","6":"product_cat-eklentiler","7":"product_tag-animasyonlu-on-yukleyici","8":"product_tag-css3-on-yukleyici","9":"product_tag-on-yukleyici","10":"product_tag-sayfa-on-yukleyicisi","12":"first","13":"instock","14":"downloadable","15":"virtual","16":"product-type-simple"},"_links":{"self":[{"href":"https:\/\/hexexist.com\/tr\/wp-json\/wp\/v2\/product\/13739","targetHints":{"allow":["GET"]}}],"collection":[{"href":"https:\/\/hexexist.com\/tr\/wp-json\/wp\/v2\/product"}],"about":[{"href":"https:\/\/hexexist.com\/tr\/wp-json\/wp\/v2\/types\/product"}],"replies":[{"embeddable":true,"href":"https:\/\/hexexist.com\/tr\/wp-json\/wp\/v2\/comments?post=13739"}],"wp:featuredmedia":[{"embeddable":true,"href":"https:\/\/hexexist.com\/tr\/wp-json\/wp\/v2\/media\/13409"}],"wp:attachment":[{"href":"https:\/\/hexexist.com\/tr\/wp-json\/wp\/v2\/media?parent=13739"}],"wp:term":[{"taxonomy":"product_brand","embeddable":true,"href":"https:\/\/hexexist.com\/tr\/wp-json\/wp\/v2\/product_brand?post=13739"},{"taxonomy":"product_cat","embeddable":true,"href":"https:\/\/hexexist.com\/tr\/wp-json\/wp\/v2\/product_cat?post=13739"},{"taxonomy":"product_tag","embeddable":true,"href":"https:\/\/hexexist.com\/tr\/wp-json\/wp\/v2\/product_tag?post=13739"}],"curies":[{"name":"wp","href":"https:\/\/api.w.org\/{rel}","templated":true}]}}