{"id":13740,"date":"2025-10-09T09:51:05","date_gmt":"2025-10-09T09:51:05","guid":{"rendered":"http:\/\/hexexist.com\/product\/cloudsecure-wp-guvenligi\/"},"modified":"2025-10-09T09:51:05","modified_gmt":"2025-10-09T09:51:05","slug":"cloudsecure-wp-guvenligi","status":"publish","type":"product","link":"https:\/\/hexexist.com\/tr\/urun\/cloudsecure-wp-guvenligi\/","title":{"rendered":"CloudSecure WP G\u00fcvenli\u011fi"},"content":{"rendered":"<p>Bu g\u00fcvenilir, Japon yap\u0131m\u0131 eklenti WordPress y\u00f6netici panelinizi ve giri\u015f URL&#8217;nizi siber sald\u0131r\u0131lara kar\u015f\u0131 korur.<br \/>\nBasit kurulumla WordPress kurulumunuzu yetkisiz eri\u015fim ve giri\u015flerden koruyarak g\u00fcvenli\u011fi art\u0131rabilirsiniz.<br \/>\nAyr\u0131ca her \u00f6zelli\u011fin etkinle\u015ftirme\/devre d\u0131\u015f\u0131 b\u0131rakma (ON\/OFF) ve ayarlar\u0131n\u0131 istedi\u011finiz gibi \u00f6zelle\u015ftirerek koruman\u0131z\u0131 istedi\u011finiz zaman y\u00f6netmenizi sa\u011flar.<\/p>\n<p>Belgeler ve SSS&#8217;ler de dahil olmak \u00fczere daha ayr\u0131nt\u0131l\u0131 bilgi i\u00e7in l\u00fctfen buraya t\u0131klay\u0131n.<\/p>\n<p>Bu eklenti WordPress \u00e7oklu site i\u015flevselli\u011fini desteklemez.<br \/>\nYaln\u0131zca Apache 1.3 ve 2.x web sunucular\u0131yla uyumludur.<br \/>\nResim kimlik do\u011frulama \u00f6zelli\u011fini kullanmak i\u00e7in &#8220;gd&#8221; PHP uzant\u0131 k\u00fct\u00fcphanesini y\u00fcklemeniz gerekir.<br \/>\nY\u00f6netici paneli eri\u015fim k\u0131s\u0131tlama \u00f6zelli\u011fini ve oturum a\u00e7ma URL&#8217;si de\u011fi\u015ftirme \u00f6zelli\u011fini kullanmak i\u00e7in Apache&#8217;ye &#8220;mod_rewrite&#8221; y\u00fcklemeniz gerekir.<br \/>\nBu eklentinin \u00f6zellikleri a\u015fa\u011f\u0131daki gibidir:<\/p>\n<p>Oturum A\u00e7ma Devre D\u0131\u015f\u0131 B\u0131rakma<br \/>\nBelirli bir s\u00fcre i\u00e7inde belirli say\u0131da oturum a\u00e7ma hatas\u0131 meydana gelirse, oturum a\u00e7ma i\u015flemleri belirli bir s\u00fcre i\u00e7in devre d\u0131\u015f\u0131 b\u0131rak\u0131l\u0131r (engellenir).<br \/>\nBu \u00f6zellik, kaba kuvvet sald\u0131r\u0131lar\u0131 ve parola listesi sald\u0131r\u0131lar\u0131 gibi yetkisiz oturum a\u00e7ma giri\u015fimlerini \u00f6nler.<br \/>\n\u00d6zellikle otomatik sald\u0131r\u0131lara kar\u015f\u0131 etkilidir.<\/p>\n<p>Oturum A\u00e7ma URL&#8217;sini De\u011fi\u015ftir<br \/>\nOturum a\u00e7ma URL&#8217;sini (wp-login.php) de\u011fi\u015ftirir.<br \/>\nK\u00fc\u00e7\u00fck \u0130ngilizce harfler, say\u0131lar, k\u0131sa \u00e7izgiler ve alt \u00e7izgiler kullanarak 4 ila 12 karakter uzunlu\u011funda istedi\u011finiz bir ad\u0131 (dize) ayarlayabilirsiniz.<br \/>\nBu \u00f6zellik, kaba kuvvet sald\u0131r\u0131lar\u0131 ve parola listesi sald\u0131r\u0131lar\u0131 gibi yetkisiz oturum a\u00e7ma giri\u015fimlerinden yararlanmay\u0131 zorla\u015ft\u0131r\u0131r.<\/p>\n<p>Birle\u015fik Oturum A\u00e7ma Hata Mesaj\u0131<br \/>\nOturum a\u00e7arken, kullan\u0131c\u0131 ad\u0131, parola veya g\u00f6r\u00fcnt\u00fc do\u011frulaman\u0131n yanl\u0131\u015f olup olmad\u0131\u011f\u0131na bak\u0131lmaks\u0131z\u0131n ayn\u0131 mesaj g\u00f6r\u00fcnt\u00fclenecektir.<br \/>\nBu \u00f6zellik, kullan\u0131c\u0131 adlar\u0131n\u0131n varl\u0131\u011f\u0131n\u0131 ara\u015ft\u0131ran sald\u0131r\u0131lardan yararlanmay\u0131 zorla\u015ft\u0131r\u0131r.<\/p>\n<p>\u0130ki Ad\u0131ml\u0131 Do\u011frulama<br \/>\nOturum a\u00e7arken, kullan\u0131c\u0131 ad\u0131n\u0131z\u0131 ve \u015fifrenizi girmenin yan\u0131 s\u0131ra kimlik do\u011frulama i\u00e7in ek bir kod kullan\u0131l\u0131r.<br \/>\nBu \u00f6zelli\u011fi kullanmak i\u00e7in cihaz\u0131n\u0131z\u0131 Google Authenticator uygulamas\u0131na kaydettirmeniz gerekir.<br \/>\nUygulamada g\u00f6r\u00fcnt\u00fclenen 6 basamakl\u0131 do\u011frulama kodunu oturum a\u00e7ma ekran\u0131na girin. T\u00fcm bilgiler e\u015fle\u015firse oturum a\u00e7abilirsiniz.<br \/>\nBu, kullan\u0131c\u0131 ad\u0131n\u0131z\u0131 veya \u015fifrenizi ele ge\u00e7iren \u00fc\u00e7\u00fcnc\u00fc taraflar\u0131n oturum a\u00e7mas\u0131n\u0131 ve kimli\u011finizi taklit etmesini \u00f6nleyerek g\u00fcvenli\u011fi g\u00fc\u00e7lendirir. <\/p>\n<p>G\u00f6r\u00fcnt\u00fc Do\u011frulama Ekle<br \/>\nBu \u00f6zellik, bir g\u00f6r\u00fcnt\u00fc dosyas\u0131nda g\u00f6r\u00fcnt\u00fclenen rastgele karakterleri girmenizi gerektirir. Karakterler e\u015fle\u015fmezse, bir sonraki ekrana ge\u00e7emezsiniz.<br \/>\nBu \u00f6zellik oturum a\u00e7ma formlar\u0131, yorum formlar\u0131, parola s\u0131f\u0131rlama formlar\u0131 ve kullan\u0131c\u0131 kay\u0131t formlar\u0131 i\u00e7in ayarlanabilir.<br \/>\nBu \u00f6zellik, kaba kuvvet sald\u0131r\u0131lar\u0131 ve parola listesi sald\u0131r\u0131lar\u0131 gibi yetkisiz oturum a\u00e7ma giri\u015fimlerinin yan\u0131 s\u0131ra k\u00f6t\u00fc ama\u00e7l\u0131 programlardan mekanik yetkisiz eri\u015fimi de \u00f6nler. <\/p>\n<p>Y\u00f6netim Paneli Eri\u015fim K\u0131s\u0131tlamas\u0131<br \/>\nY\u00f6netim paneline giri\u015f yapmam\u0131\u015f bir IP adresinden bir y\u00f6netim sayfas\u0131na (\/wp-admin\/ ve \u00fcst\u00fc) eri\u015fmek 404 hatas\u0131 (Bulunamad\u0131) d\u00f6nd\u00fcrecektir.<br \/>\nBu \u00f6zellik 24 saatten uzun s\u00fcredir y\u00f6netim paneline giri\u015f yapmam\u0131\u015f IP adresleri i\u00e7in ge\u00e7erlidir.<br \/>\nGiri\u015f yapt\u0131ktan sonra IP adresiniz kaydedilecek ve y\u00f6netim paneline eri\u015febileceksiniz.<br \/>\nBu \u00f6zellikten hari\u00e7 tutulacak sayfalar\u0131 (wp-admin alt\u0131nda) belirleyebilirsiniz.<\/p>\n<p>Yap\u0131land\u0131rma Dosyas\u0131 Eri\u015fim Engelleme<br \/>\nBu \u00f6zellik WordPress sistem dosyalar\u0131na yetkisiz eri\u015fimi engeller.<\/p>\n<p>Kullan\u0131c\u0131 Ad\u0131 S\u0131z\u0131nt\u0131s\u0131 \u00d6nleme<br \/>\n&#8220;?author=number&#8221; eri\u015fimi yoluyla kullan\u0131c\u0131 ad\u0131 s\u0131z\u0131nt\u0131lar\u0131n\u0131 \u00f6nler.<\/p>\n<p>XML-RPC&#8217;yi Devre D\u0131\u015f\u0131 B\u0131rak<br \/>\nY\u00f6netici panelini k\u00f6t\u00fcye kullan\u0131ma kar\u015f\u0131 korumak i\u00e7in XML-RPC veya pingback i\u015flevini devre d\u0131\u015f\u0131 b\u0131rak\u0131r.<\/p>\n<p>REST API&#8217;yi Devre D\u0131\u015f\u0131 B\u0131rak<br \/>\nY\u00f6netici panelini k\u00f6t\u00fcye kullan\u0131ma kar\u015f\u0131 korumak i\u00e7in REST API&#8217;yi devre d\u0131\u015f\u0131 b\u0131rak\u0131n.<\/p>\n<p>Basit WAF<br \/>\nBu, WordPress sald\u0131r\u0131lar\u0131na kar\u015f\u0131 temel savunma sa\u011flayan basit bir WAF (Web Uygulamas\u0131 G\u00fcvenlik Duvar\u0131) \u00f6zelli\u011fidir.<br \/>\nSQL enjeksiyonu ve siteler aras\u0131 komut dosyas\u0131 olu\u015fturma gibi yayg\u0131n sald\u0131r\u0131lar\u0131 engeller.<\/p>\n<p>Oturum A\u00e7ma Bildirimi<br \/>\nBir oturum a\u00e7ma ger\u00e7ekle\u015fti\u011finde kullan\u0131c\u0131lar\u0131 e-posta ile bilgilendirir.<br \/>\nBilmedi\u011finiz bir e-posta al\u0131rsan\u0131z, yetkisiz oturum a\u00e7malardan \u015f\u00fcphelenin.<\/p>\n<p>G\u00fcncelleme Bildirimi<br \/>\nWordPress, eklentiler veya temalar i\u00e7in g\u00fcncellemeler gerekti\u011finde y\u00f6neticileri e-posta ile bilgilendirir.<br \/>\nG\u00fcncelleme kontrolleri 24 saatte bir yap\u0131l\u0131r.<br \/>\nHer zaman en son s\u00fcr\u00fcmleri kullanmak g\u00fcvenlik i\u00e7in \u00e7ok \u00f6nemlidir.<\/p>\n<p>Sunucu Hatas\u0131 Bildirimi<br \/>\nBir sunucu hatas\u0131 &#8220;HTTP durum kodu 500 (Dahili Sunucu Hatas\u0131)&#8221; olu\u015ftu\u011funda, hata ge\u00e7mi\u015fi kaydedilir ve y\u00f6netici e-posta ile bilgilendirilir.<br \/>\nAyn\u0131 hata t\u00fcr\u00fc bir saat i\u00e7inde meydana gelirse, hata ge\u00e7mi\u015fi kaydedilir, ancak e-posta bildirimi g\u00f6nderilmez.<\/p>\n<p>Giri\u015f Ge\u00e7mi\u015fi<br \/>\nY\u00f6netici paneline giri\u015f ge\u00e7mi\u015fini g\u00f6r\u00fcnt\u00fcler.<br \/>\nAyr\u0131ca her bir \u00f6\u011feye g\u00f6re filtreleme yaparak arama yapabilirsiniz.<br \/>\nGiri\u015f bildirimlerine benzer \u015fekilde, bu i\u015flev yetkisiz giri\u015flerden haberdar olman\u0131za yard\u0131mc\u0131 olur.<\/p>\n","protected":false},"excerpt":{"rendered":"<p>Bu g\u00fcvenilir, Japon yap\u0131m\u0131 eklenti WordPress y\u00f6netici panelinizi ve giri\u015f URL&#8217;nizi siber sald\u0131r\u0131lara kar\u015f\u0131 korur. Basit kurulumla WordPress kurulumunuzu yetkisiz eri\u015fim ve giri\u015flerden koruyarak g\u00fcvenli\u011fi art\u0131rabilirsiniz. Ayr\u0131ca her \u00f6zelli\u011fin etkinle\u015ftirme\/devre d\u0131\u015f\u0131 b\u0131rakma (ON\/OFF) ve ayarlar\u0131n\u0131 istedi\u011finiz gibi \u00f6zelle\u015ftirerek koruman\u0131z\u0131 istedi\u011finiz zaman y\u00f6netmenizi sa\u011flar. Belgeler ve SSS&#8217;ler de dahil olmak \u00fczere daha ayr\u0131nt\u0131l\u0131 bilgi i\u00e7in l\u00fctfen [&hellip;]<\/p>\n","protected":false},"featured_media":13404,"comment_status":"open","ping_status":"closed","template":"","meta":[],"product_brand":[],"product_cat":[1413],"product_tag":[1424,1670,1455,1668,1672],"class_list":{"0":"post-13740","1":"product","2":"type-product","3":"status-publish","4":"has-post-thumbnail","6":"product_cat-eklentiler","7":"product_tag-anti-spam-tr","8":"product_tag-giris-kilidi","9":"product_tag-guvenlik","10":"product_tag-kaba-kuvvet","11":"product_tag-waf-tr","13":"first","14":"instock","15":"downloadable","16":"virtual","17":"product-type-simple"},"_links":{"self":[{"href":"https:\/\/hexexist.com\/tr\/wp-json\/wp\/v2\/product\/13740","targetHints":{"allow":["GET"]}}],"collection":[{"href":"https:\/\/hexexist.com\/tr\/wp-json\/wp\/v2\/product"}],"about":[{"href":"https:\/\/hexexist.com\/tr\/wp-json\/wp\/v2\/types\/product"}],"replies":[{"embeddable":true,"href":"https:\/\/hexexist.com\/tr\/wp-json\/wp\/v2\/comments?post=13740"}],"wp:featuredmedia":[{"embeddable":true,"href":"https:\/\/hexexist.com\/tr\/wp-json\/wp\/v2\/media\/13404"}],"wp:attachment":[{"href":"https:\/\/hexexist.com\/tr\/wp-json\/wp\/v2\/media?parent=13740"}],"wp:term":[{"taxonomy":"product_brand","embeddable":true,"href":"https:\/\/hexexist.com\/tr\/wp-json\/wp\/v2\/product_brand?post=13740"},{"taxonomy":"product_cat","embeddable":true,"href":"https:\/\/hexexist.com\/tr\/wp-json\/wp\/v2\/product_cat?post=13740"},{"taxonomy":"product_tag","embeddable":true,"href":"https:\/\/hexexist.com\/tr\/wp-json\/wp\/v2\/product_tag?post=13740"}],"curies":[{"name":"wp","href":"https:\/\/api.w.org\/{rel}","templated":true}]}}