{"id":13741,"date":"2025-10-09T09:51:06","date_gmt":"2025-10-09T09:51:06","guid":{"rendered":"http:\/\/hexexist.com\/product\/omnisendden-woocommerce-icin-e-posta-pazarlama\/"},"modified":"2026-01-30T22:57:33","modified_gmt":"2026-01-30T22:57:33","slug":"omnisendden-woocommerce-icin-e-posta-pazarlama","status":"publish","type":"product","link":"https:\/\/hexexist.com\/tr\/urun\/omnisendden-woocommerce-icin-e-posta-pazarlama\/","title":{"rendered":"Omnisend&#8217;den WooCommerce i\u00e7in E-posta Pazarlama"},"content":{"rendered":"<p>Omnisend, WooCommerce i\u00e7in nihai e-posta ve SMS pazarlama eklentisi ve CRM \u00e7\u00f6z\u00fcm\u00fcd\u00fcr ve d\u00fcnya \u00e7ap\u0131nda 150.000&#8217;den fazla e-ticaret ma\u011fazas\u0131n\u0131n daha fazla ki\u015fiye daha fazla \u00fcr\u00fcn satmas\u0131na yard\u0131mc\u0131 olur. E-posta pazarlama platformumuz, gelirinizi art\u0131rman\u0131za ve i\u015finizi zahmetsizce b\u00fcy\u00fctmenize yard\u0131mc\u0131 olmak i\u00e7in tasarlanm\u0131\u015ft\u0131r. Omnisend ile m\u00fc\u015fteri ili\u015fkilerinizi y\u00f6netebilir, e-posta ve SMS listelerinizi olu\u015fturabilir, hedefli kampanyalar g\u00f6nderebilir, otomasyon i\u015f ak\u0131\u015flar\u0131 olu\u015fturabilir ve sonu\u00e7lar\u0131n\u0131z\u0131 WordPress panonuzdan takip edebilirsiniz. Hepsinden iyisi, ba\u015flamak tamamen \u00fccretsiz!<\/p>\n","protected":false},"excerpt":{"rendered":"<p>Omnisend, WooCommerce i\u00e7in nihai e-posta ve SMS pazarlama eklentisi ve CRM \u00e7\u00f6z\u00fcm\u00fcd\u00fcr ve d\u00fcnya \u00e7ap\u0131nda 150.000&#8217;den fazla e-ticaret ma\u011fazas\u0131n\u0131n daha fazla ki\u015fiye daha fazla \u00fcr\u00fcn satmas\u0131na yard\u0131mc\u0131 olur. E-posta pazarlama platformumuz, gelirinizi art\u0131rman\u0131za ve i\u015finizi zahmetsizce b\u00fcy\u00fctmenize yard\u0131mc\u0131 olmak i\u00e7in tasarlanm\u0131\u015ft\u0131r. Omnisend ile m\u00fc\u015fteri ili\u015fkilerinizi y\u00f6netebilir, e-posta ve SMS listelerinizi olu\u015fturabilir, hedefli kampanyalar g\u00f6nderebilir, otomasyon [&hellip;]<\/p>\n","protected":false},"featured_media":13414,"comment_status":"open","ping_status":"closed","template":"","meta":[],"product_brand":[],"product_cat":[1413],"product_tag":[1432,1674,1645,1675,1459],"class_list":{"0":"post-13741","1":"product","2":"type-product","3":"status-publish","4":"has-post-thumbnail","6":"product_cat-eklentiler","7":"product_tag-bulten","8":"product_tag-e-posta-pazarlama","9":"product_tag-pazarlama","10":"product_tag-sms-tr","11":"product_tag-woocommerce-tr","13":"first","14":"instock","15":"downloadable","16":"virtual","17":"product-type-simple"},"_links":{"self":[{"href":"https:\/\/hexexist.com\/tr\/wp-json\/wp\/v2\/product\/13741","targetHints":{"allow":["GET"]}}],"collection":[{"href":"https:\/\/hexexist.com\/tr\/wp-json\/wp\/v2\/product"}],"about":[{"href":"https:\/\/hexexist.com\/tr\/wp-json\/wp\/v2\/types\/product"}],"replies":[{"embeddable":true,"href":"https:\/\/hexexist.com\/tr\/wp-json\/wp\/v2\/comments?post=13741"}],"wp:featuredmedia":[{"embeddable":true,"href":"https:\/\/hexexist.com\/tr\/wp-json\/wp\/v2\/media\/13414"}],"wp:attachment":[{"href":"https:\/\/hexexist.com\/tr\/wp-json\/wp\/v2\/media?parent=13741"}],"wp:term":[{"taxonomy":"product_brand","embeddable":true,"href":"https:\/\/hexexist.com\/tr\/wp-json\/wp\/v2\/product_brand?post=13741"},{"taxonomy":"product_cat","embeddable":true,"href":"https:\/\/hexexist.com\/tr\/wp-json\/wp\/v2\/product_cat?post=13741"},{"taxonomy":"product_tag","embeddable":true,"href":"https:\/\/hexexist.com\/tr\/wp-json\/wp\/v2\/product_tag?post=13741"}],"curies":[{"name":"wp","href":"https:\/\/api.w.org\/{rel}","templated":true}]}}