{"id":13742,"date":"2025-10-09T09:51:05","date_gmt":"2025-10-09T09:51:05","guid":{"rendered":"http:\/\/hexexist.com\/product\/3d-flipbook-pdf-embedder-pdf-flipbook-goruntuleyici-flipbook-resim-galerisi\/"},"modified":"2025-10-09T09:51:05","modified_gmt":"2025-10-09T09:51:05","slug":"3d-flipbook-pdf-embedder-pdf-flipbook-goruntuleyici-flipbook-resim-galerisi","status":"publish","type":"product","link":"https:\/\/hexexist.com\/tr\/urun\/3d-flipbook-pdf-embedder-pdf-flipbook-goruntuleyici-flipbook-resim-galerisi\/","title":{"rendered":"3D FlipBook PDF Embedder, PDF Flipbook G\u00f6r\u00fcnt\u00fcleyici, Flipbook Resim Galerisi"},"content":{"rendered":"<p>3D FlipBook, sayfa veya dosya boyutunda herhangi bir s\u0131n\u0131rlama olmaks\u0131z\u0131n resim flipbook, PDF flipbook, HTML flipbook ve portf\u00f6y flipbook olu\u015fturman\u0131za olanak tan\u0131r. Sadece bir PDF ba\u011flant\u0131s\u0131 eklemeniz yeterlidir ve PDF&#8217;niz canl\u0131 ger\u00e7ek\u00e7i 3D flipbook&#8217;a d\u00f6n\u00fc\u015fecektir. <\/p>\n","protected":false},"excerpt":{"rendered":"<p>3D FlipBook, sayfa veya dosya boyutunda herhangi bir s\u0131n\u0131rlama olmaks\u0131z\u0131n resim flipbook, PDF flipbook, HTML flipbook ve portf\u00f6y flipbook olu\u015fturman\u0131za olanak tan\u0131r. Sadece bir PDF ba\u011flant\u0131s\u0131 eklemeniz yeterlidir ve PDF&#8217;niz canl\u0131 ger\u00e7ek\u00e7i 3D flipbook&#8217;a d\u00f6n\u00fc\u015fecektir.<\/p>\n","protected":false},"featured_media":13408,"comment_status":"open","ping_status":"closed","template":"","meta":[],"product_brand":[],"product_cat":[1413],"product_tag":[1677,1678,1679,1676],"class_list":{"0":"post-13742","1":"product","2":"type-product","3":"status-publish","4":"has-post-thumbnail","6":"product_cat-eklentiler","7":"product_tag-cevirmeli-kitap","8":"product_tag-flipbook-tr","9":"product_tag-pdf-flipbook-tr","10":"product_tag-pdf-goruntuleyici","12":"first","13":"instock","14":"downloadable","15":"virtual","16":"product-type-simple"},"_links":{"self":[{"href":"https:\/\/hexexist.com\/tr\/wp-json\/wp\/v2\/product\/13742","targetHints":{"allow":["GET"]}}],"collection":[{"href":"https:\/\/hexexist.com\/tr\/wp-json\/wp\/v2\/product"}],"about":[{"href":"https:\/\/hexexist.com\/tr\/wp-json\/wp\/v2\/types\/product"}],"replies":[{"embeddable":true,"href":"https:\/\/hexexist.com\/tr\/wp-json\/wp\/v2\/comments?post=13742"}],"wp:featuredmedia":[{"embeddable":true,"href":"https:\/\/hexexist.com\/tr\/wp-json\/wp\/v2\/media\/13408"}],"wp:attachment":[{"href":"https:\/\/hexexist.com\/tr\/wp-json\/wp\/v2\/media?parent=13742"}],"wp:term":[{"taxonomy":"product_brand","embeddable":true,"href":"https:\/\/hexexist.com\/tr\/wp-json\/wp\/v2\/product_brand?post=13742"},{"taxonomy":"product_cat","embeddable":true,"href":"https:\/\/hexexist.com\/tr\/wp-json\/wp\/v2\/product_cat?post=13742"},{"taxonomy":"product_tag","embeddable":true,"href":"https:\/\/hexexist.com\/tr\/wp-json\/wp\/v2\/product_tag?post=13742"}],"curies":[{"name":"wp","href":"https:\/\/api.w.org\/{rel}","templated":true}]}}