{"id":13743,"date":"2025-10-09T09:51:06","date_gmt":"2025-10-09T09:51:06","guid":{"rendered":"http:\/\/hexexist.com\/product\/statcounter-ucretsiz-gercek-zamanli-ziyaretci-istatistikleri\/"},"modified":"2025-10-09T09:51:06","modified_gmt":"2025-10-09T09:51:06","slug":"statcounter-ucretsiz-gercek-zamanli-ziyaretci-istatistikleri","status":"publish","type":"product","link":"https:\/\/hexexist.com\/tr\/urun\/statcounter-ucretsiz-gercek-zamanli-ziyaretci-istatistikleri\/","title":{"rendered":"StatCounter \u00dccretsiz Ger\u00e7ek Zamanl\u0131 Ziyaret\u00e7i \u0130statistikleri"},"content":{"rendered":"<p>Resmi StatCounter WordPress Eklentisi, t\u00fcm g\u00fc\u00e7l\u00fc StatCounter \u00f6zelliklerini wordpress blogunuza getirir.<\/p>\n","protected":false},"excerpt":{"rendered":"<p>Resmi StatCounter WordPress Eklentisi, t\u00fcm g\u00fc\u00e7l\u00fc StatCounter \u00f6zelliklerini wordpress blogunuza getirir.<\/p>\n","protected":false},"featured_media":13413,"comment_status":"open","ping_status":"closed","template":"","meta":[],"product_brand":[],"product_cat":[1413],"product_tag":[1551,1680,1681,1682,1683],"class_list":{"0":"post-13743","1":"product","2":"type-product","3":"status-publish","4":"has-post-thumbnail","6":"product_cat-eklentiler","7":"product_tag-istatistikler","8":"product_tag-istatistikler-tr","9":"product_tag-sayac","10":"product_tag-vurmak","11":"product_tag-web-tr","13":"first","14":"instock","15":"downloadable","16":"virtual","17":"product-type-simple"},"_links":{"self":[{"href":"https:\/\/hexexist.com\/tr\/wp-json\/wp\/v2\/product\/13743","targetHints":{"allow":["GET"]}}],"collection":[{"href":"https:\/\/hexexist.com\/tr\/wp-json\/wp\/v2\/product"}],"about":[{"href":"https:\/\/hexexist.com\/tr\/wp-json\/wp\/v2\/types\/product"}],"replies":[{"embeddable":true,"href":"https:\/\/hexexist.com\/tr\/wp-json\/wp\/v2\/comments?post=13743"}],"wp:featuredmedia":[{"embeddable":true,"href":"https:\/\/hexexist.com\/tr\/wp-json\/wp\/v2\/media\/13413"}],"wp:attachment":[{"href":"https:\/\/hexexist.com\/tr\/wp-json\/wp\/v2\/media?parent=13743"}],"wp:term":[{"taxonomy":"product_brand","embeddable":true,"href":"https:\/\/hexexist.com\/tr\/wp-json\/wp\/v2\/product_brand?post=13743"},{"taxonomy":"product_cat","embeddable":true,"href":"https:\/\/hexexist.com\/tr\/wp-json\/wp\/v2\/product_cat?post=13743"},{"taxonomy":"product_tag","embeddable":true,"href":"https:\/\/hexexist.com\/tr\/wp-json\/wp\/v2\/product_tag?post=13743"}],"curies":[{"name":"wp","href":"https:\/\/api.w.org\/{rel}","templated":true}]}}