{"id":13744,"date":"2025-10-09T09:51:05","date_gmt":"2025-10-09T09:51:05","guid":{"rendered":"http:\/\/hexexist.com\/product\/baglayici-yap\/"},"modified":"2025-10-09T09:51:05","modified_gmt":"2025-10-09T09:51:05","slug":"baglayici-yap","status":"publish","type":"product","link":"https:\/\/hexexist.com\/tr\/urun\/baglayici-yap\/","title":{"rendered":"Ba\u011flay\u0131c\u0131 Yap"},"content":{"rendered":"<p>Make, basit g\u00f6revlerden karma\u015f\u0131k i\u015f ak\u0131\u015flar\u0131na kadar her \u015feyi dakikalar i\u00e7inde tasarlaman\u0131za, olu\u015fturman\u0131za ve otomatikle\u015ftirmenize olanak tan\u0131yan g\u00f6rsel bir platformdur. Make ile WordPress ve binlerce uygulama aras\u0131nda bilgi g\u00f6ndererek trafi\u011fi art\u0131rabilir ve sat\u0131\u015f potansiyelini geli\u015ftirebilirsiniz. Kullan\u0131m\u0131 h\u0131zl\u0131 ve kolayd\u0131r, g\u00f6rsel olarak sezgiseldir ve s\u0131f\u0131r kodlama uzmanl\u0131\u011f\u0131 gerektirir.  <\/p>\n","protected":false},"excerpt":{"rendered":"<p>Make, basit g\u00f6revlerden karma\u015f\u0131k i\u015f ak\u0131\u015flar\u0131na kadar her \u015feyi dakikalar i\u00e7inde tasarlaman\u0131za, olu\u015fturman\u0131za ve otomatikle\u015ftirmenize olanak tan\u0131yan g\u00f6rsel bir platformdur. Make ile WordPress ve binlerce uygulama aras\u0131nda bilgi g\u00f6ndererek trafi\u011fi art\u0131rabilir ve sat\u0131\u015f potansiyelini geli\u015ftirebilirsiniz. Kullan\u0131m\u0131 h\u0131zl\u0131 ve kolayd\u0131r, g\u00f6rsel olarak sezgiseldir ve s\u0131f\u0131r kodlama uzmanl\u0131\u011f\u0131 gerektirir.<\/p>\n","protected":false},"featured_media":13407,"comment_status":"open","ping_status":"closed","template":"","meta":[],"product_brand":[],"product_cat":[1413],"product_tag":[1446,1448,1684,1445,1685],"class_list":{"0":"post-13744","1":"product","2":"type-product","3":"status-publish","4":"has-post-thumbnail","6":"product_cat-eklentiler","7":"product_tag-api-tr","8":"product_tag-dinlenme","9":"product_tag-integromat-tr","10":"product_tag-rest-api-tr","11":"product_tag-yapmak","13":"first","14":"instock","15":"downloadable","16":"virtual","17":"product-type-simple"},"_links":{"self":[{"href":"https:\/\/hexexist.com\/tr\/wp-json\/wp\/v2\/product\/13744","targetHints":{"allow":["GET"]}}],"collection":[{"href":"https:\/\/hexexist.com\/tr\/wp-json\/wp\/v2\/product"}],"about":[{"href":"https:\/\/hexexist.com\/tr\/wp-json\/wp\/v2\/types\/product"}],"replies":[{"embeddable":true,"href":"https:\/\/hexexist.com\/tr\/wp-json\/wp\/v2\/comments?post=13744"}],"wp:featuredmedia":[{"embeddable":true,"href":"https:\/\/hexexist.com\/tr\/wp-json\/wp\/v2\/media\/13407"}],"wp:attachment":[{"href":"https:\/\/hexexist.com\/tr\/wp-json\/wp\/v2\/media?parent=13744"}],"wp:term":[{"taxonomy":"product_brand","embeddable":true,"href":"https:\/\/hexexist.com\/tr\/wp-json\/wp\/v2\/product_brand?post=13744"},{"taxonomy":"product_cat","embeddable":true,"href":"https:\/\/hexexist.com\/tr\/wp-json\/wp\/v2\/product_cat?post=13744"},{"taxonomy":"product_tag","embeddable":true,"href":"https:\/\/hexexist.com\/tr\/wp-json\/wp\/v2\/product_tag?post=13744"}],"curies":[{"name":"wp","href":"https:\/\/api.w.org\/{rel}","templated":true}]}}