{"id":13745,"date":"2025-10-09T09:51:06","date_gmt":"2025-10-09T09:51:06","guid":{"rendered":"http:\/\/hexexist.com\/product\/nav-menu-rolleri\/"},"modified":"2026-03-05T07:46:37","modified_gmt":"2026-03-05T07:46:37","slug":"nav-menu-rolleri","status":"publish","type":"product","link":"https:\/\/hexexist.com\/tr\/urun\/nav-menu-rolleri\/","title":{"rendered":"Nav Men\u00fc Rolleri"},"content":{"rendered":"<p>Bu eklenti, \u00f6zel men\u00fc \u00f6\u011felerini kullan\u0131c\u0131 rollerine g\u00f6re gizlemenizi sa\u011flar. Yani men\u00fcde yaln\u0131zca oturum a\u00e7m\u0131\u015f kullan\u0131c\u0131lara, belirli kullan\u0131c\u0131 t\u00fcrlerine ve hatta yaln\u0131zca oturumu kapatm\u0131\u015f kullan\u0131c\u0131lara g\u00f6stermek istedi\u011finiz bir ba\u011flant\u0131n\u0131z varsa, bu eklenti tam size g\u00f6re.<\/p>\n","protected":false},"excerpt":{"rendered":"<p>Bu eklenti, \u00f6zel men\u00fc \u00f6\u011felerini kullan\u0131c\u0131 rollerine g\u00f6re gizlemenizi sa\u011flar. Yani men\u00fcde yaln\u0131zca oturum a\u00e7m\u0131\u015f kullan\u0131c\u0131lara, belirli kullan\u0131c\u0131 t\u00fcrlerine ve hatta yaln\u0131zca oturumu kapatm\u0131\u015f kullan\u0131c\u0131lara g\u00f6stermek istedi\u011finiz bir ba\u011flant\u0131n\u0131z varsa, bu eklenti tam size g\u00f6re.<\/p>\n","protected":false},"featured_media":13411,"comment_status":"open","ping_status":"closed","template":"","meta":[],"product_brand":[],"product_cat":[1413],"product_tag":[1686,1688,1690,1687],"class_list":{"0":"post-13745","1":"product","2":"type-product","3":"status-publish","4":"has-post-thumbnail","6":"product_cat-eklentiler","7":"product_tag-menu-tr","8":"product_tag-menuler","9":"product_tag-nav-menuleri","10":"product_tag-nav-menusu","12":"first","13":"instock","14":"downloadable","15":"virtual","16":"product-type-simple"},"_links":{"self":[{"href":"https:\/\/hexexist.com\/tr\/wp-json\/wp\/v2\/product\/13745","targetHints":{"allow":["GET"]}}],"collection":[{"href":"https:\/\/hexexist.com\/tr\/wp-json\/wp\/v2\/product"}],"about":[{"href":"https:\/\/hexexist.com\/tr\/wp-json\/wp\/v2\/types\/product"}],"replies":[{"embeddable":true,"href":"https:\/\/hexexist.com\/tr\/wp-json\/wp\/v2\/comments?post=13745"}],"wp:featuredmedia":[{"embeddable":true,"href":"https:\/\/hexexist.com\/tr\/wp-json\/wp\/v2\/media\/13411"}],"wp:attachment":[{"href":"https:\/\/hexexist.com\/tr\/wp-json\/wp\/v2\/media?parent=13745"}],"wp:term":[{"taxonomy":"product_brand","embeddable":true,"href":"https:\/\/hexexist.com\/tr\/wp-json\/wp\/v2\/product_brand?post=13745"},{"taxonomy":"product_cat","embeddable":true,"href":"https:\/\/hexexist.com\/tr\/wp-json\/wp\/v2\/product_cat?post=13745"},{"taxonomy":"product_tag","embeddable":true,"href":"https:\/\/hexexist.com\/tr\/wp-json\/wp\/v2\/product_tag?post=13745"}],"curies":[{"name":"wp","href":"https:\/\/api.w.org\/{rel}","templated":true}]}}