{"id":13746,"date":"2025-10-09T09:51:05","date_gmt":"2025-10-09T09:51:05","guid":{"rendered":"http:\/\/hexexist.com\/product\/kullanicilari-ve-musterileri-ice-ve-disa-aktarma\/"},"modified":"2025-10-09T09:51:05","modified_gmt":"2025-10-09T09:51:05","slug":"kullanicilari-ve-musterileri-ice-ve-disa-aktarma","status":"publish","type":"product","link":"https:\/\/hexexist.com\/tr\/urun\/kullanicilari-ve-musterileri-ice-ve-disa-aktarma\/","title":{"rendered":"Kullan\u0131c\u0131lar\u0131 ve m\u00fc\u015fterileri i\u00e7e ve d\u0131\u015fa aktarma"},"content":{"rendered":"<p>\u00dccretsiz kukla sitenizde deneyin: Buraya t\u0131klay\u0131n =&gt; https:\/\/demo.tastewp.com\/import-users-from-csv-with-meta<\/p>\n","protected":false},"excerpt":{"rendered":"<p>\u00dccretsiz kukla sitenizde deneyin: Buraya t\u0131klay\u0131n =&gt; https:\/\/demo.tastewp.com\/import-users-from-csv-with-meta<\/p>\n","protected":false},"featured_media":13406,"comment_status":"open","ping_status":"closed","template":"","meta":[],"product_brand":[],"product_cat":[1413],"product_tag":[1692,1694,1693,1691,1689],"class_list":{"0":"post-13746","1":"product","2":"type-product","3":"status-publish","4":"has-post-thumbnail","6":"product_cat-eklentiler","7":"product_tag-csv-tr","8":"product_tag-ihracat","9":"product_tag-ihracatci","10":"product_tag-ithalat","11":"product_tag-ithalatci","13":"first","14":"instock","15":"downloadable","16":"virtual","17":"product-type-simple"},"_links":{"self":[{"href":"https:\/\/hexexist.com\/tr\/wp-json\/wp\/v2\/product\/13746","targetHints":{"allow":["GET"]}}],"collection":[{"href":"https:\/\/hexexist.com\/tr\/wp-json\/wp\/v2\/product"}],"about":[{"href":"https:\/\/hexexist.com\/tr\/wp-json\/wp\/v2\/types\/product"}],"replies":[{"embeddable":true,"href":"https:\/\/hexexist.com\/tr\/wp-json\/wp\/v2\/comments?post=13746"}],"wp:featuredmedia":[{"embeddable":true,"href":"https:\/\/hexexist.com\/tr\/wp-json\/wp\/v2\/media\/13406"}],"wp:attachment":[{"href":"https:\/\/hexexist.com\/tr\/wp-json\/wp\/v2\/media?parent=13746"}],"wp:term":[{"taxonomy":"product_brand","embeddable":true,"href":"https:\/\/hexexist.com\/tr\/wp-json\/wp\/v2\/product_brand?post=13746"},{"taxonomy":"product_cat","embeddable":true,"href":"https:\/\/hexexist.com\/tr\/wp-json\/wp\/v2\/product_cat?post=13746"},{"taxonomy":"product_tag","embeddable":true,"href":"https:\/\/hexexist.com\/tr\/wp-json\/wp\/v2\/product_tag?post=13746"}],"curies":[{"name":"wp","href":"https:\/\/api.w.org\/{rel}","templated":true}]}}