{"id":13747,"date":"2025-10-09T09:51:06","date_gmt":"2025-10-09T09:51:06","guid":{"rendered":"http:\/\/hexexist.com\/product\/woocommerce-icin-wpc-akilli-karsilastirma\/"},"modified":"2026-03-04T15:52:17","modified_gmt":"2026-03-04T15:52:17","slug":"woocommerce-icin-wpc-akilli-karsilastirma","status":"publish","type":"product","link":"https:\/\/hexexist.com\/tr\/urun\/woocommerce-icin-wpc-akilli-karsilastirma\/","title":{"rendered":"WooCommerce i\u00e7in WPC Ak\u0131ll\u0131 Kar\u015f\u0131la\u015ft\u0131rma"},"content":{"rendered":"<p>WPC Smart Compare, kullan\u0131c\u0131 deneyimini iyile\u015ftirmek ve \u00e7evrimi\u00e7i WooCommerce ma\u011fazan\u0131zdaki sat\u0131\u015f stratejisini geli\u015ftirmek i\u00e7in beklentilerin \u00f6tesinde \u00f6zellikler sunan optimum bir \u00e7\u00f6z\u00fcmd\u00fcr. Geli\u015fmi\u015f kar\u015f\u0131la\u015ft\u0131rma \u00f6zellikleri, Kar\u015f\u0131la\u015ft\u0131r d\u00fc\u011fmesini, kar\u015f\u0131la\u015ft\u0131rma tablosunu ve kar\u015f\u0131la\u015ft\u0131rma \u00e7ubu\u011funu daha fazla \u00f6zelle\u015ftirmek i\u00e7in kapsaml\u0131 se\u00e7enekler i\u00e7eren ayr\u0131nt\u0131l\u0131 ayarlar, g\u00fc\u00e7l\u00fc yan\u0131t verme \u00f6zelli\u011fi ve mobil dostu aray\u00fcz, bu eklentiden g\u00f6z ard\u0131 etmemeniz gereken \u015feylerdir. WooCommerce ma\u011fazan\u0131z\u0131 g\u00fc\u00e7lendirmek ve m\u00fc\u015fterilerin g\u00fcvenini kazanmak i\u00e7in ger\u00e7ekten keskin bir kar\u015f\u0131la\u015ft\u0131rma arac\u0131. \u015eimdi bu Ak\u0131ll\u0131 Kar\u015f\u0131la\u015ft\u0131rmay\u0131 bir kar\u015f\u0131la\u015ft\u0131rmaya koyal\u0131m.  <\/p>\n","protected":false},"excerpt":{"rendered":"<p>WPC Smart Compare, kullan\u0131c\u0131 deneyimini iyile\u015ftirmek ve \u00e7evrimi\u00e7i WooCommerce ma\u011fazan\u0131zdaki sat\u0131\u015f stratejisini geli\u015ftirmek i\u00e7in beklentilerin \u00f6tesinde \u00f6zellikler sunan optimum bir \u00e7\u00f6z\u00fcmd\u00fcr. Geli\u015fmi\u015f kar\u015f\u0131la\u015ft\u0131rma \u00f6zellikleri, Kar\u015f\u0131la\u015ft\u0131r d\u00fc\u011fmesini, kar\u015f\u0131la\u015ft\u0131rma tablosunu ve kar\u015f\u0131la\u015ft\u0131rma \u00e7ubu\u011funu daha fazla \u00f6zelle\u015ftirmek i\u00e7in kapsaml\u0131 se\u00e7enekler i\u00e7eren ayr\u0131nt\u0131l\u0131 ayarlar, g\u00fc\u00e7l\u00fc yan\u0131t verme \u00f6zelli\u011fi ve mobil dostu aray\u00fcz, bu eklentiden g\u00f6z ard\u0131 etmemeniz gereken \u015feylerdir. [&hellip;]<\/p>\n","protected":false},"featured_media":13416,"comment_status":"open","ping_status":"closed","template":"","meta":[],"product_brand":[],"product_cat":[1413],"product_tag":[1696,1697,1459,1695],"class_list":{"0":"post-13747","1":"product","2":"type-product","3":"status-publish","4":"has-post-thumbnail","6":"product_cat-eklentiler","7":"product_tag-karsilastirin","8":"product_tag-karsilastirma","9":"product_tag-woocommerce-tr","10":"product_tag-wpc-tr","12":"first","13":"instock","14":"downloadable","15":"virtual","16":"product-type-simple"},"_links":{"self":[{"href":"https:\/\/hexexist.com\/tr\/wp-json\/wp\/v2\/product\/13747","targetHints":{"allow":["GET"]}}],"collection":[{"href":"https:\/\/hexexist.com\/tr\/wp-json\/wp\/v2\/product"}],"about":[{"href":"https:\/\/hexexist.com\/tr\/wp-json\/wp\/v2\/types\/product"}],"replies":[{"embeddable":true,"href":"https:\/\/hexexist.com\/tr\/wp-json\/wp\/v2\/comments?post=13747"}],"wp:featuredmedia":[{"embeddable":true,"href":"https:\/\/hexexist.com\/tr\/wp-json\/wp\/v2\/media\/13416"}],"wp:attachment":[{"href":"https:\/\/hexexist.com\/tr\/wp-json\/wp\/v2\/media?parent=13747"}],"wp:term":[{"taxonomy":"product_brand","embeddable":true,"href":"https:\/\/hexexist.com\/tr\/wp-json\/wp\/v2\/product_brand?post=13747"},{"taxonomy":"product_cat","embeddable":true,"href":"https:\/\/hexexist.com\/tr\/wp-json\/wp\/v2\/product_cat?post=13747"},{"taxonomy":"product_tag","embeddable":true,"href":"https:\/\/hexexist.com\/tr\/wp-json\/wp\/v2\/product_tag?post=13747"}],"curies":[{"name":"wp","href":"https:\/\/api.w.org\/{rel}","templated":true}]}}