{"id":13749,"date":"2025-10-09T09:51:06","date_gmt":"2025-10-09T09:51:06","guid":{"rendered":"http:\/\/hexexist.com\/product\/altbilgi-kredisini-kaldir\/"},"modified":"2025-10-09T09:51:06","modified_gmt":"2025-10-09T09:51:06","slug":"altbilgi-kredisini-kaldir","status":"publish","type":"product","link":"https:\/\/hexexist.com\/tr\/urun\/altbilgi-kredisini-kaldir\/","title":{"rendered":"Altbilgi Kredisini Kald\u0131r"},"content":{"rendered":"<p>Sayfa i\u015flenmeden \u00f6nce footer credits&#8217;i (veya sayfadaki herhangi bir metni veya HTML&#8217;yi) kald\u0131r\u0131n veya de\u011fi\u015ftirin. Bu eklenti ile footer.php gibi, yanl\u0131\u015f yap\u0131ld\u0131\u011f\u0131nda sitenizin bozulmas\u0131na neden olabilecek veya yeni tema g\u00fcncellemelerinin her g\u00fcncellemede footer credits&#8217;i kald\u0131rman\u0131z\u0131 gerektirecek de\u011fi\u015fikliklerinizin \u00fczerinde durmas\u0131na neden olacak kodlar\u0131 de\u011fi\u015ftirmenize gerek yoktur. <\/p>\n","protected":false},"excerpt":{"rendered":"<p>Sayfa i\u015flenmeden \u00f6nce footer credits&#8217;i (veya sayfadaki herhangi bir metni veya HTML&#8217;yi) kald\u0131r\u0131n veya de\u011fi\u015ftirin. Bu eklenti ile footer.php gibi, yanl\u0131\u015f yap\u0131ld\u0131\u011f\u0131nda sitenizin bozulmas\u0131na neden olabilecek veya yeni tema g\u00fcncellemelerinin her g\u00fcncellemede footer credits&#8217;i kald\u0131rman\u0131z\u0131 gerektirecek de\u011fi\u015fikliklerinizin \u00fczerinde durmas\u0131na neden olacak kodlar\u0131 de\u011fi\u015ftirmenize gerek yoktur.<\/p>\n","protected":false},"featured_media":13415,"comment_status":"open","ping_status":"closed","template":"","meta":[],"product_brand":[],"product_cat":[1413],"product_tag":[1698,1699,1701,1542,1700],"class_list":{"0":"post-13749","1":"product","2":"type-product","3":"status-publish","4":"has-post-thumbnail","6":"product_cat-eklentiler","7":"product_tag-altbilgi","8":"product_tag-degisim","9":"product_tag-degistir","10":"product_tag-degistirin","11":"product_tag-kredi","13":"first","14":"instock","15":"downloadable","16":"virtual","17":"product-type-simple"},"_links":{"self":[{"href":"https:\/\/hexexist.com\/tr\/wp-json\/wp\/v2\/product\/13749","targetHints":{"allow":["GET"]}}],"collection":[{"href":"https:\/\/hexexist.com\/tr\/wp-json\/wp\/v2\/product"}],"about":[{"href":"https:\/\/hexexist.com\/tr\/wp-json\/wp\/v2\/types\/product"}],"replies":[{"embeddable":true,"href":"https:\/\/hexexist.com\/tr\/wp-json\/wp\/v2\/comments?post=13749"}],"wp:featuredmedia":[{"embeddable":true,"href":"https:\/\/hexexist.com\/tr\/wp-json\/wp\/v2\/media\/13415"}],"wp:attachment":[{"href":"https:\/\/hexexist.com\/tr\/wp-json\/wp\/v2\/media?parent=13749"}],"wp:term":[{"taxonomy":"product_brand","embeddable":true,"href":"https:\/\/hexexist.com\/tr\/wp-json\/wp\/v2\/product_brand?post=13749"},{"taxonomy":"product_cat","embeddable":true,"href":"https:\/\/hexexist.com\/tr\/wp-json\/wp\/v2\/product_cat?post=13749"},{"taxonomy":"product_tag","embeddable":true,"href":"https:\/\/hexexist.com\/tr\/wp-json\/wp\/v2\/product_tag?post=13749"}],"curies":[{"name":"wp","href":"https:\/\/api.w.org\/{rel}","templated":true}]}}