{"id":13750,"date":"2025-10-14T11:32:20","date_gmt":"2025-10-14T11:32:20","guid":{"rendered":"http:\/\/hexexist.com\/product\/buyume-plani\/"},"modified":"2025-10-14T11:32:20","modified_gmt":"2025-10-14T11:32:20","slug":"buyume-plani","status":"publish","type":"product","link":"https:\/\/hexexist.com\/tr\/urun\/buyume-plani\/","title":{"rendered":"B\u00fcy\u00fcme Plan\u0131"},"content":{"rendered":"","protected":false},"excerpt":{"rendered":"","protected":false},"featured_media":14943,"comment_status":"open","ping_status":"closed","template":"","meta":[],"product_brand":[],"product_cat":[1414],"product_tag":[],"class_list":{"0":"post-13750","1":"product","2":"type-product","3":"status-publish","4":"has-post-thumbnail","6":"product_cat-hizmet","8":"first","9":"instock","10":"virtual","11":"product-type-simple"},"_links":{"self":[{"href":"https:\/\/hexexist.com\/tr\/wp-json\/wp\/v2\/product\/13750","targetHints":{"allow":["GET"]}}],"collection":[{"href":"https:\/\/hexexist.com\/tr\/wp-json\/wp\/v2\/product"}],"about":[{"href":"https:\/\/hexexist.com\/tr\/wp-json\/wp\/v2\/types\/product"}],"replies":[{"embeddable":true,"href":"https:\/\/hexexist.com\/tr\/wp-json\/wp\/v2\/comments?post=13750"}],"wp:featuredmedia":[{"embeddable":true,"href":"https:\/\/hexexist.com\/tr\/wp-json\/wp\/v2\/media\/14943"}],"wp:attachment":[{"href":"https:\/\/hexexist.com\/tr\/wp-json\/wp\/v2\/media?parent=13750"}],"wp:term":[{"taxonomy":"product_brand","embeddable":true,"href":"https:\/\/hexexist.com\/tr\/wp-json\/wp\/v2\/product_brand?post=13750"},{"taxonomy":"product_cat","embeddable":true,"href":"https:\/\/hexexist.com\/tr\/wp-json\/wp\/v2\/product_cat?post=13750"},{"taxonomy":"product_tag","embeddable":true,"href":"https:\/\/hexexist.com\/tr\/wp-json\/wp\/v2\/product_tag?post=13750"}],"curies":[{"name":"wp","href":"https:\/\/api.w.org\/{rel}","templated":true}]}}