{"id":13752,"date":"2025-10-09T09:51:07","date_gmt":"2025-10-09T09:51:07","guid":{"rendered":"http:\/\/hexexist.com\/product\/wp-gonderileri-goster\/"},"modified":"2026-03-05T11:02:06","modified_gmt":"2026-03-05T11:02:06","slug":"wp-gonderileri-goster","status":"publish","type":"product","link":"https:\/\/hexexist.com\/tr\/urun\/wp-gonderileri-goster\/","title":{"rendered":"WP G\u00f6nderileri G\u00f6ster"},"content":{"rendered":"<p>Bu eklenti \u015fu anda yaln\u0131zca g\u00fcvenlik g\u00fcncellemeleri almaktad\u0131r. Daha modern bir \u00e7\u00f6z\u00fcm i\u00e7in GenerateBlocks eklentimize g\u00f6z at\u0131n. <\/p>\n","protected":false},"excerpt":{"rendered":"<p>Bu eklenti \u015fu anda yaln\u0131zca g\u00fcvenlik g\u00fcncellemeleri almaktad\u0131r. Daha modern bir \u00e7\u00f6z\u00fcm i\u00e7in GenerateBlocks eklentimize g\u00f6z at\u0131n.<\/p>\n","protected":false},"featured_media":11528,"comment_status":"open","ping_status":"closed","template":"","meta":[],"product_brand":[],"product_cat":[1413],"product_tag":[1703,1706,1704,1702,1705],"class_list":{"0":"post-13752","1":"product","2":"type-product","3":"status-publish","4":"has-post-thumbnail","6":"product_cat-eklentiler","7":"product_tag-galeri","8":"product_tag-gonderileri-goster","9":"product_tag-gonderileri-goster-kisa-kodu","10":"product_tag-portfoy","11":"product_tag-sutun-gonder","13":"first","14":"instock","15":"shipping-taxable","16":"product-type-variable","17":"has-default-attributes"},"_links":{"self":[{"href":"https:\/\/hexexist.com\/tr\/wp-json\/wp\/v2\/product\/13752","targetHints":{"allow":["GET"]}}],"collection":[{"href":"https:\/\/hexexist.com\/tr\/wp-json\/wp\/v2\/product"}],"about":[{"href":"https:\/\/hexexist.com\/tr\/wp-json\/wp\/v2\/types\/product"}],"replies":[{"embeddable":true,"href":"https:\/\/hexexist.com\/tr\/wp-json\/wp\/v2\/comments?post=13752"}],"wp:featuredmedia":[{"embeddable":true,"href":"https:\/\/hexexist.com\/tr\/wp-json\/wp\/v2\/media\/11528"}],"wp:attachment":[{"href":"https:\/\/hexexist.com\/tr\/wp-json\/wp\/v2\/media?parent=13752"}],"wp:term":[{"taxonomy":"product_brand","embeddable":true,"href":"https:\/\/hexexist.com\/tr\/wp-json\/wp\/v2\/product_brand?post=13752"},{"taxonomy":"product_cat","embeddable":true,"href":"https:\/\/hexexist.com\/tr\/wp-json\/wp\/v2\/product_cat?post=13752"},{"taxonomy":"product_tag","embeddable":true,"href":"https:\/\/hexexist.com\/tr\/wp-json\/wp\/v2\/product_tag?post=13752"}],"curies":[{"name":"wp","href":"https:\/\/api.w.org\/{rel}","templated":true}]}}