{"id":13753,"date":"2025-10-09T09:51:07","date_gmt":"2025-10-09T09:51:07","guid":{"rendered":"http:\/\/hexexist.com\/product\/woocommerce-meydani\/"},"modified":"2026-01-30T23:03:21","modified_gmt":"2026-01-30T23:03:21","slug":"woocommerce-meydani","status":"publish","type":"product","link":"https:\/\/hexexist.com\/tr\/urun\/woocommerce-meydani\/","title":{"rendered":"WooCommerce Meydan\u0131"},"content":{"rendered":"<p>Bu eklenti, \u00f6demeleri g\u00fcvenli bir \u015fekilde kabul etmenize, sat\u0131\u015flar\u0131 senkronize etmenize ve WooCommerce ile Square POS aras\u0131nda envanter ve \u00fcr\u00fcn verilerini sorunsuz bir \u015fekilde y\u00f6netmenize olanak tan\u0131r.<\/p>\n","protected":false},"excerpt":{"rendered":"<p>Bu eklenti, \u00f6demeleri g\u00fcvenli bir \u015fekilde kabul etmenize, sat\u0131\u015flar\u0131 senkronize etmenize ve WooCommerce ile Square POS aras\u0131nda envanter ve \u00fcr\u00fcn verilerini sorunsuz bir \u015fekilde y\u00f6netmenize olanak tan\u0131r.<\/p>\n","protected":false},"featured_media":13418,"comment_status":"open","ping_status":"closed","template":"","meta":[],"product_brand":[],"product_cat":[1413],"product_tag":[1708,1709,1707,1459],"class_list":{"0":"post-13753","1":"product","2":"type-product","3":"status-publish","4":"has-post-thumbnail","6":"product_cat-eklentiler","7":"product_tag-envanter-senkronizasyonu","8":"product_tag-kare","9":"product_tag-kredi-karti","10":"product_tag-woocommerce-tr","12":"first","13":"instock","14":"downloadable","15":"virtual","16":"product-type-simple"},"_links":{"self":[{"href":"https:\/\/hexexist.com\/tr\/wp-json\/wp\/v2\/product\/13753","targetHints":{"allow":["GET"]}}],"collection":[{"href":"https:\/\/hexexist.com\/tr\/wp-json\/wp\/v2\/product"}],"about":[{"href":"https:\/\/hexexist.com\/tr\/wp-json\/wp\/v2\/types\/product"}],"replies":[{"embeddable":true,"href":"https:\/\/hexexist.com\/tr\/wp-json\/wp\/v2\/comments?post=13753"}],"wp:featuredmedia":[{"embeddable":true,"href":"https:\/\/hexexist.com\/tr\/wp-json\/wp\/v2\/media\/13418"}],"wp:attachment":[{"href":"https:\/\/hexexist.com\/tr\/wp-json\/wp\/v2\/media?parent=13753"}],"wp:term":[{"taxonomy":"product_brand","embeddable":true,"href":"https:\/\/hexexist.com\/tr\/wp-json\/wp\/v2\/product_brand?post=13753"},{"taxonomy":"product_cat","embeddable":true,"href":"https:\/\/hexexist.com\/tr\/wp-json\/wp\/v2\/product_cat?post=13753"},{"taxonomy":"product_tag","embeddable":true,"href":"https:\/\/hexexist.com\/tr\/wp-json\/wp\/v2\/product_tag?post=13753"}],"curies":[{"name":"wp","href":"https:\/\/api.w.org\/{rel}","templated":true}]}}