{"id":13754,"date":"2025-10-09T09:51:07","date_gmt":"2025-10-09T09:51:07","guid":{"rendered":"http:\/\/hexexist.com\/product\/woocommerce-icin-almanlastirildi\/"},"modified":"2025-11-27T16:10:50","modified_gmt":"2025-11-27T16:10:50","slug":"woocommerce-icin-almanlastirildi","status":"publish","type":"product","link":"https:\/\/hexexist.com\/tr\/urun\/woocommerce-icin-almanlastirildi\/","title":{"rendered":"WooCommerce i\u00e7in Almanla\u015ft\u0131r\u0131ld\u0131"},"content":{"rendered":"<p>Germanized, WooCommerce&#8217;i teknik olarak belirli Alman yasal ko\u015fullar\u0131na uyacak \u015fekilde geni\u015fletir. Bu eklentinin amac\u0131, WooCommerce&#8217;i Alman pazar\u0131n\u0131n \u00f6zel gereksinimlerine uyarlamakt\u0131r. Germanized for WooCommerce Pro kullan\u0131c\u0131lar\u0131, PDF faturalar, \u015fartlar ve iptal sayfalar\u0131 i\u00e7in model metin olu\u015fturucular, profesyonel destek ve daha fazlas\u0131 gibi Almanya i\u00e7in \u00f6zel olarak tasarlanm\u0131\u015f ek \u00f6zelliklerden yararlan\u0131r!  <\/p>\n","protected":false},"excerpt":{"rendered":"<p>Germanized, WooCommerce&#8217;i teknik olarak belirli Alman yasal ko\u015fullar\u0131na uyacak \u015fekilde geni\u015fletir. Bu eklentinin amac\u0131, WooCommerce&#8217;i Alman pazar\u0131n\u0131n \u00f6zel gereksinimlerine uyarlamakt\u0131r. Germanized for WooCommerce Pro kullan\u0131c\u0131lar\u0131, PDF faturalar, \u015fartlar ve iptal sayfalar\u0131 i\u00e7in model metin olu\u015fturucular, profesyonel destek ve daha fazlas\u0131 gibi Almanya i\u00e7in \u00f6zel olarak tasarlanm\u0131\u015f ek \u00f6zelliklerden yararlan\u0131r!<\/p>\n","protected":false},"featured_media":13417,"comment_status":"open","ping_status":"closed","template":"","meta":[],"product_brand":[],"product_cat":[1413],"product_tag":[1712,1711,1710,1459],"class_list":{"0":"post-13754","1":"product","2":"type-product","3":"status-publish","4":"has-post-thumbnail","6":"product_cat-eklentiler","7":"product_tag-almanya","8":"product_tag-deutsch-tr","9":"product_tag-woo-tr","10":"product_tag-woocommerce-tr","12":"first","13":"instock","14":"downloadable","15":"virtual","16":"product-type-simple"},"_links":{"self":[{"href":"https:\/\/hexexist.com\/tr\/wp-json\/wp\/v2\/product\/13754","targetHints":{"allow":["GET"]}}],"collection":[{"href":"https:\/\/hexexist.com\/tr\/wp-json\/wp\/v2\/product"}],"about":[{"href":"https:\/\/hexexist.com\/tr\/wp-json\/wp\/v2\/types\/product"}],"replies":[{"embeddable":true,"href":"https:\/\/hexexist.com\/tr\/wp-json\/wp\/v2\/comments?post=13754"}],"wp:featuredmedia":[{"embeddable":true,"href":"https:\/\/hexexist.com\/tr\/wp-json\/wp\/v2\/media\/13417"}],"wp:attachment":[{"href":"https:\/\/hexexist.com\/tr\/wp-json\/wp\/v2\/media?parent=13754"}],"wp:term":[{"taxonomy":"product_brand","embeddable":true,"href":"https:\/\/hexexist.com\/tr\/wp-json\/wp\/v2\/product_brand?post=13754"},{"taxonomy":"product_cat","embeddable":true,"href":"https:\/\/hexexist.com\/tr\/wp-json\/wp\/v2\/product_cat?post=13754"},{"taxonomy":"product_tag","embeddable":true,"href":"https:\/\/hexexist.com\/tr\/wp-json\/wp\/v2\/product_tag?post=13754"}],"curies":[{"name":"wp","href":"https:\/\/api.w.org\/{rel}","templated":true}]}}