{"id":13755,"date":"2025-10-09T09:50:52","date_gmt":"2025-10-09T09:50:52","guid":{"rendered":"http:\/\/hexexist.com\/product\/wp-toplu-silme\/"},"modified":"2025-10-09T09:50:52","modified_gmt":"2025-10-09T09:50:52","slug":"wp-toplu-silme","status":"publish","type":"product","link":"https:\/\/hexexist.com\/tr\/urun\/wp-toplu-silme\/","title":{"rendered":"WP Toplu Silme"},"content":{"rendered":"<p>WP Bulk Delete, esnek filtreler ve ko\u015fullarla yaz\u0131lar\u0131, sayfalar\u0131, yorumlar\u0131, kullan\u0131c\u0131lar\u0131, taksonomi terimlerini ve meta alanlar\u0131 toplu olarak silmenize yard\u0131mc\u0131 olmak i\u00e7in tasarlanm\u0131\u015f g\u00fc\u00e7l\u00fc bir WordPress eklentisidir. Gereksiz verilerin y\u00f6netilmesine, web sitesi performans\u0131n\u0131n iyile\u015ftirilmesine ve veritaban\u0131 y\u00fck\u00fcn\u00fcn azalt\u0131lmas\u0131na yard\u0131mc\u0131 olur. <\/p>\n","protected":false},"excerpt":{"rendered":"<p>WP Bulk Delete, esnek filtreler ve ko\u015fullarla yaz\u0131lar\u0131, sayfalar\u0131, yorumlar\u0131, kullan\u0131c\u0131lar\u0131, taksonomi terimlerini ve meta alanlar\u0131 toplu olarak silmenize yard\u0131mc\u0131 olmak i\u00e7in tasarlanm\u0131\u015f g\u00fc\u00e7l\u00fc bir WordPress eklentisidir. Gereksiz verilerin y\u00f6netilmesine, web sitesi performans\u0131n\u0131n iyile\u015ftirilmesine ve veritaban\u0131 y\u00fck\u00fcn\u00fcn azalt\u0131lmas\u0131na yard\u0131mc\u0131 olur.<\/p>\n","protected":false},"featured_media":13337,"comment_status":"open","ping_status":"closed","template":"","meta":[],"product_brand":[],"product_cat":[1413],"product_tag":[1719,1717,1713,1716,1715],"class_list":{"0":"post-13755","1":"product","2":"type-product","3":"status-publish","4":"has-post-thumbnail","6":"product_cat-eklentiler","7":"product_tag-silme","8":"product_tag-temiz-veritabani","9":"product_tag-toplu","10":"product_tag-toplu-silme","11":"product_tag-toplu-temizlik","13":"first","14":"instock","15":"downloadable","16":"virtual","17":"product-type-simple"},"_links":{"self":[{"href":"https:\/\/hexexist.com\/tr\/wp-json\/wp\/v2\/product\/13755","targetHints":{"allow":["GET"]}}],"collection":[{"href":"https:\/\/hexexist.com\/tr\/wp-json\/wp\/v2\/product"}],"about":[{"href":"https:\/\/hexexist.com\/tr\/wp-json\/wp\/v2\/types\/product"}],"replies":[{"embeddable":true,"href":"https:\/\/hexexist.com\/tr\/wp-json\/wp\/v2\/comments?post=13755"}],"wp:featuredmedia":[{"embeddable":true,"href":"https:\/\/hexexist.com\/tr\/wp-json\/wp\/v2\/media\/13337"}],"wp:attachment":[{"href":"https:\/\/hexexist.com\/tr\/wp-json\/wp\/v2\/media?parent=13755"}],"wp:term":[{"taxonomy":"product_brand","embeddable":true,"href":"https:\/\/hexexist.com\/tr\/wp-json\/wp\/v2\/product_brand?post=13755"},{"taxonomy":"product_cat","embeddable":true,"href":"https:\/\/hexexist.com\/tr\/wp-json\/wp\/v2\/product_cat?post=13755"},{"taxonomy":"product_tag","embeddable":true,"href":"https:\/\/hexexist.com\/tr\/wp-json\/wp\/v2\/product_tag?post=13755"}],"curies":[{"name":"wp","href":"https:\/\/api.w.org\/{rel}","templated":true}]}}