{"id":13756,"date":"2025-10-09T09:50:54","date_gmt":"2025-10-09T09:50:54","guid":{"rendered":"http:\/\/hexexist.com\/product\/wp-mobile-menu-mobil-uyumlu-duyarli-menu\/"},"modified":"2026-03-05T07:57:46","modified_gmt":"2026-03-05T07:57:46","slug":"wp-mobile-menu-mobil-uyumlu-duyarli-menu","status":"publish","type":"product","link":"https:\/\/hexexist.com\/tr\/urun\/wp-mobile-menu-mobil-uyumlu-duyarli-menu\/","title":{"rendered":"WP Mobile Menu Mobil Uyumlu Duyarl\u0131 Men\u00fc"},"content":{"rendered":"<p>Mobil web sitesi deneyimi konusunda yard\u0131ma m\u0131 ihtiyac\u0131n\u0131z var? Mobil ziyaret\u00e7ilerinizin ilgisini \u00e7ekecek bir Mobil Men\u00fc eklentisine mi ihtiyac\u0131n\u0131z var? <\/p>\n","protected":false},"excerpt":{"rendered":"<p>Mobil web sitesi deneyimi konusunda yard\u0131ma m\u0131 ihtiyac\u0131n\u0131z var? Mobil ziyaret\u00e7ilerinizin ilgisini \u00e7ekecek bir Mobil Men\u00fc eklentisine mi ihtiyac\u0131n\u0131z var?<\/p>\n","protected":false},"featured_media":13351,"comment_status":"open","ping_status":"closed","template":"","meta":[],"product_brand":[],"product_cat":[1413],"product_tag":[1534,1718,1686,1531,1714],"class_list":{"0":"post-13756","1":"product","2":"type-product","3":"status-publish","4":"has-post-thumbnail","6":"product_cat-eklentiler","7":"product_tag-duyarli","8":"product_tag-duyarli-menu","9":"product_tag-menu-tr","10":"product_tag-mobil","11":"product_tag-mobil-menu","13":"first","14":"instock","15":"downloadable","16":"virtual","17":"product-type-simple"},"_links":{"self":[{"href":"https:\/\/hexexist.com\/tr\/wp-json\/wp\/v2\/product\/13756","targetHints":{"allow":["GET"]}}],"collection":[{"href":"https:\/\/hexexist.com\/tr\/wp-json\/wp\/v2\/product"}],"about":[{"href":"https:\/\/hexexist.com\/tr\/wp-json\/wp\/v2\/types\/product"}],"replies":[{"embeddable":true,"href":"https:\/\/hexexist.com\/tr\/wp-json\/wp\/v2\/comments?post=13756"}],"wp:featuredmedia":[{"embeddable":true,"href":"https:\/\/hexexist.com\/tr\/wp-json\/wp\/v2\/media\/13351"}],"wp:attachment":[{"href":"https:\/\/hexexist.com\/tr\/wp-json\/wp\/v2\/media?parent=13756"}],"wp:term":[{"taxonomy":"product_brand","embeddable":true,"href":"https:\/\/hexexist.com\/tr\/wp-json\/wp\/v2\/product_brand?post=13756"},{"taxonomy":"product_cat","embeddable":true,"href":"https:\/\/hexexist.com\/tr\/wp-json\/wp\/v2\/product_cat?post=13756"},{"taxonomy":"product_tag","embeddable":true,"href":"https:\/\/hexexist.com\/tr\/wp-json\/wp\/v2\/product_tag?post=13756"}],"curies":[{"name":"wp","href":"https:\/\/api.w.org\/{rel}","templated":true}]}}