{"id":13757,"date":"2025-10-09T09:50:53","date_gmt":"2025-10-09T09:50:53","guid":{"rendered":"http:\/\/hexexist.com\/product\/klasorler-medya-kitapligi-klasorunu-sayfalari-gonderileri-duzenlemek-icin-sinirsiz-klasor-dosya-yoneticisi\/"},"modified":"2025-10-09T09:50:53","modified_gmt":"2025-10-09T09:50:53","slug":"klasorler-medya-kitapligi-klasorunu-sayfalari-gonderileri-duzenlemek-icin-sinirsiz-klasor-dosya-yoneticisi","status":"publish","type":"product","link":"https:\/\/hexexist.com\/tr\/urun\/klasorler-medya-kitapligi-klasorunu-sayfalari-gonderileri-duzenlemek-icin-sinirsiz-klasor-dosya-yoneticisi\/","title":{"rendered":"Klas\u00f6rler Medya Kitapl\u0131\u011f\u0131 Klas\u00f6r\u00fcn\u00fc, Sayfalar\u0131, G\u00f6nderileri D\u00fczenlemek i\u00e7in S\u0131n\u0131rs\u0131z Klas\u00f6r, Dosya Y\u00f6neticisi"},"content":{"rendered":"<p>Destek | Demo | \u00d6nerilen Eklentiler | Pro&#8217;ya Y\u00fckseltme \u2b50<\/p>\n","protected":false},"excerpt":{"rendered":"<p>Destek | Demo | \u00d6nerilen Eklentiler | Pro&#8217;ya Y\u00fckseltme \u2b50<\/p>\n","protected":false},"featured_media":13346,"comment_status":"open","ping_status":"closed","template":"","meta":[],"product_brand":[],"product_cat":[1413],"product_tag":[1721,1720,1722,1724],"class_list":{"0":"post-13757","1":"product","2":"type-product","3":"status-publish","4":"has-post-thumbnail","6":"product_cat-eklentiler","7":"product_tag-klasor","8":"product_tag-klasorler","9":"product_tag-medya-kutuphanesi","10":"product_tag-medyayi-degistirin","12":"first","13":"instock","14":"downloadable","15":"virtual","16":"product-type-simple"},"_links":{"self":[{"href":"https:\/\/hexexist.com\/tr\/wp-json\/wp\/v2\/product\/13757","targetHints":{"allow":["GET"]}}],"collection":[{"href":"https:\/\/hexexist.com\/tr\/wp-json\/wp\/v2\/product"}],"about":[{"href":"https:\/\/hexexist.com\/tr\/wp-json\/wp\/v2\/types\/product"}],"replies":[{"embeddable":true,"href":"https:\/\/hexexist.com\/tr\/wp-json\/wp\/v2\/comments?post=13757"}],"wp:featuredmedia":[{"embeddable":true,"href":"https:\/\/hexexist.com\/tr\/wp-json\/wp\/v2\/media\/13346"}],"wp:attachment":[{"href":"https:\/\/hexexist.com\/tr\/wp-json\/wp\/v2\/media?parent=13757"}],"wp:term":[{"taxonomy":"product_brand","embeddable":true,"href":"https:\/\/hexexist.com\/tr\/wp-json\/wp\/v2\/product_brand?post=13757"},{"taxonomy":"product_cat","embeddable":true,"href":"https:\/\/hexexist.com\/tr\/wp-json\/wp\/v2\/product_cat?post=13757"},{"taxonomy":"product_tag","embeddable":true,"href":"https:\/\/hexexist.com\/tr\/wp-json\/wp\/v2\/product_tag?post=13757"}],"curies":[{"name":"wp","href":"https:\/\/api.w.org\/{rel}","templated":true}]}}