{"id":13759,"date":"2025-10-09T09:50:53","date_gmt":"2025-10-09T09:50:53","guid":{"rendered":"http:\/\/hexexist.com\/product\/woocommerce-icin-esnek-odeme-alanlari-woocommerce-odeme-yoneticisi\/"},"modified":"2026-03-05T08:00:10","modified_gmt":"2026-03-05T08:00:10","slug":"woocommerce-icin-esnek-odeme-alanlari-woocommerce-odeme-yoneticisi","status":"publish","type":"product","link":"https:\/\/hexexist.com\/tr\/urun\/woocommerce-icin-esnek-odeme-alanlari-woocommerce-odeme-yoneticisi\/","title":{"rendered":"WooCommerce i\u00e7in Esnek \u00d6deme Alanlar\u0131 WooCommerce \u00d6deme Y\u00f6neticisi"},"content":{"rendered":"<p>WooCommerce&#8217;in WordPress i\u00e7in en iyi e-ticaret eklentisi oldu\u011funu d\u00fc\u015f\u00fcn\u00fcyoruz. Ancak, kullan\u0131m\u0131 kolay bir aray\u00fczde bir \u00f6deme y\u00f6neticisi ile \u00f6deme alanlar\u0131n\u0131 \u00f6zelle\u015ftirmek gibi \u00e7ok temel baz\u0131 \u00f6zelliklerden yoksundur. Bunu kancalar ve filtrelerle yapabilirsiniz, ancak WooCommerce WooCommerce Checkout Manager i\u00e7in Esnek \u00d6deme Alanlar\u0131 ile yapabiliyorsan\u0131z neden u\u011fra\u015fas\u0131n\u0131z ki? Bu tek sayfal\u0131 \u00f6deme eklentisi ile varsay\u0131lan alanlar\u0131 d\u00fczenleyebilir (etiketleri de\u011fi\u015ftirebilir, gizleyebilir, silebilir) veya kendi \u00f6deme alanlar\u0131n\u0131z\u0131 ekleyebilirsiniz. Kendi alan s\u0131ralaman\u0131z\u0131 ayarlayabilirsiniz. Onay kutusu alan\u0131, tarih alan\u0131 veya renk se\u00e7ici alan\u0131 gibi bir\u00e7ok alan t\u00fcr\u00fc vard\u0131r (baz\u0131lar\u0131 yaln\u0131zca PRO s\u00fcr\u00fcm\u00fcnde). Bu eklenti ile WooCommerce \u00f6deme alanlar\u0131n\u0131 d\u00fczenlemenin ne kadar kolay oldu\u011funu ve ne kadar g\u00fc\u00e7l\u00fc oldu\u011funu g\u00f6rmek i\u00e7in okumaya devam edin.      <\/p>\n","protected":false},"excerpt":{"rendered":"<p>WooCommerce&#8217;in WordPress i\u00e7in en iyi e-ticaret eklentisi oldu\u011funu d\u00fc\u015f\u00fcn\u00fcyoruz. Ancak, kullan\u0131m\u0131 kolay bir aray\u00fczde bir \u00f6deme y\u00f6neticisi ile \u00f6deme alanlar\u0131n\u0131 \u00f6zelle\u015ftirmek gibi \u00e7ok temel baz\u0131 \u00f6zelliklerden yoksundur. Bunu kancalar ve filtrelerle yapabilirsiniz, ancak WooCommerce WooCommerce Checkout Manager i\u00e7in Esnek \u00d6deme Alanlar\u0131 ile yapabiliyorsan\u0131z neden u\u011fra\u015fas\u0131n\u0131z ki? Bu tek sayfal\u0131 \u00f6deme eklentisi ile varsay\u0131lan alanlar\u0131 d\u00fczenleyebilir [&hellip;]<\/p>\n","protected":false},"featured_media":13345,"comment_status":"open","ping_status":"closed","template":"","meta":[],"product_brand":[],"product_cat":[1413],"product_tag":[1730,1727,1728,1733,1734],"class_list":{"0":"post-13759","1":"product","2":"type-product","3":"status-publish","4":"has-post-thumbnail","6":"product_cat-eklentiler","7":"product_tag-odeme-alani-ozellestirici","8":"product_tag-ozel-alanlar","9":"product_tag-woocommerce-odeme","10":"product_tag-woocommerce-odeme-alanlari","11":"product_tag-woocommerce-odeme-yoneticisi","13":"first","14":"instock","15":"downloadable","16":"virtual","17":"product-type-simple"},"_links":{"self":[{"href":"https:\/\/hexexist.com\/tr\/wp-json\/wp\/v2\/product\/13759","targetHints":{"allow":["GET"]}}],"collection":[{"href":"https:\/\/hexexist.com\/tr\/wp-json\/wp\/v2\/product"}],"about":[{"href":"https:\/\/hexexist.com\/tr\/wp-json\/wp\/v2\/types\/product"}],"replies":[{"embeddable":true,"href":"https:\/\/hexexist.com\/tr\/wp-json\/wp\/v2\/comments?post=13759"}],"wp:featuredmedia":[{"embeddable":true,"href":"https:\/\/hexexist.com\/tr\/wp-json\/wp\/v2\/media\/13345"}],"wp:attachment":[{"href":"https:\/\/hexexist.com\/tr\/wp-json\/wp\/v2\/media?parent=13759"}],"wp:term":[{"taxonomy":"product_brand","embeddable":true,"href":"https:\/\/hexexist.com\/tr\/wp-json\/wp\/v2\/product_brand?post=13759"},{"taxonomy":"product_cat","embeddable":true,"href":"https:\/\/hexexist.com\/tr\/wp-json\/wp\/v2\/product_cat?post=13759"},{"taxonomy":"product_tag","embeddable":true,"href":"https:\/\/hexexist.com\/tr\/wp-json\/wp\/v2\/product_tag?post=13759"}],"curies":[{"name":"wp","href":"https:\/\/api.w.org\/{rel}","templated":true}]}}