{"id":13760,"date":"2025-10-09T09:50:54","date_gmt":"2025-10-09T09:50:54","guid":{"rendered":"http:\/\/hexexist.com\/product\/sosyal-akis-galerisi\/"},"modified":"2025-10-09T09:50:54","modified_gmt":"2025-10-09T09:50:54","slug":"sosyal-akis-galerisi","status":"publish","type":"product","link":"https:\/\/hexexist.com\/tr\/urun\/sosyal-akis-galerisi\/","title":{"rendered":"Sosyal Ak\u0131\u015f Galerisi"},"content":{"rendered":"<p>Premium | Demo | Dok\u00fcmantasyon | Topluluk<\/p>\n","protected":false},"excerpt":{"rendered":"<p>Premium | Demo | Dok\u00fcmantasyon | Topluluk<\/p>\n","protected":false},"featured_media":13349,"comment_status":"open","ping_status":"closed","template":"","meta":[],"product_brand":[],"product_cat":[1413],"product_tag":[1729,1731,1732,1735],"class_list":{"0":"post-13760","1":"product","2":"type-product","3":"status-publish","4":"has-post-thumbnail","6":"product_cat-eklentiler","7":"product_tag-instagram-tr","8":"product_tag-instagram-akisi","9":"product_tag-instagram-galerisi","10":"product_tag-instagram-widgeti","12":"first","13":"instock","14":"downloadable","15":"virtual","16":"product-type-simple"},"_links":{"self":[{"href":"https:\/\/hexexist.com\/tr\/wp-json\/wp\/v2\/product\/13760","targetHints":{"allow":["GET"]}}],"collection":[{"href":"https:\/\/hexexist.com\/tr\/wp-json\/wp\/v2\/product"}],"about":[{"href":"https:\/\/hexexist.com\/tr\/wp-json\/wp\/v2\/types\/product"}],"replies":[{"embeddable":true,"href":"https:\/\/hexexist.com\/tr\/wp-json\/wp\/v2\/comments?post=13760"}],"wp:featuredmedia":[{"embeddable":true,"href":"https:\/\/hexexist.com\/tr\/wp-json\/wp\/v2\/media\/13349"}],"wp:attachment":[{"href":"https:\/\/hexexist.com\/tr\/wp-json\/wp\/v2\/media?parent=13760"}],"wp:term":[{"taxonomy":"product_brand","embeddable":true,"href":"https:\/\/hexexist.com\/tr\/wp-json\/wp\/v2\/product_brand?post=13760"},{"taxonomy":"product_cat","embeddable":true,"href":"https:\/\/hexexist.com\/tr\/wp-json\/wp\/v2\/product_cat?post=13760"},{"taxonomy":"product_tag","embeddable":true,"href":"https:\/\/hexexist.com\/tr\/wp-json\/wp\/v2\/product_tag?post=13760"}],"curies":[{"name":"wp","href":"https:\/\/api.w.org\/{rel}","templated":true}]}}