{"id":13761,"date":"2025-10-09T09:50:54","date_gmt":"2025-10-09T09:50:54","guid":{"rendered":"http:\/\/hexexist.com\/product\/yuklemeden-sonra-resmi-yeniden-boyutlandirma\/"},"modified":"2025-10-09T09:50:54","modified_gmt":"2025-10-09T09:50:54","slug":"yuklemeden-sonra-resmi-yeniden-boyutlandirma","status":"publish","type":"product","link":"https:\/\/hexexist.com\/tr\/urun\/yuklemeden-sonra-resmi-yeniden-boyutlandirma\/","title":{"rendered":"Y\u00fcklemeden Sonra Resmi Yeniden Boyutland\u0131rma"},"content":{"rendered":"<p>Resimlerinizi y\u00fckledikten sonra yeniden boyutland\u0131rmak i\u00e7in \u00fccretsiz, h\u0131zl\u0131, kullan\u0131m\u0131 kolay, kararl\u0131 ve s\u0131k g\u00fcncellenen bir eklenti. ShortPixel&#8217;i yaratan dost ekip taraf\u0131ndan desteklenmektedir \ud83d\ude42 <\/p>\n","protected":false},"excerpt":{"rendered":"<p>Resimlerinizi y\u00fckledikten sonra yeniden boyutland\u0131rmak i\u00e7in \u00fccretsiz, h\u0131zl\u0131, kullan\u0131m\u0131 kolay, kararl\u0131 ve s\u0131k g\u00fcncellenen bir eklenti. ShortPixel&#8217;i yaratan dost ekip taraf\u0131ndan desteklenmektedir \ud83d\ude42<\/p>\n","protected":false},"featured_media":13353,"comment_status":"open","ping_status":"closed","template":"","meta":[],"product_brand":[],"product_cat":[1413],"product_tag":[1740,1738,1736,1742],"class_list":{"0":"post-13761","1":"product","2":"type-product","3":"status-publish","4":"has-post-thumbnail","6":"product_cat-eklentiler","7":"product_tag-kucultmek","8":"product_tag-toplu-yeniden-boyutlandirma","9":"product_tag-yeniden-boyutlandir","10":"product_tag-yeniden-olceklendirme","12":"first","13":"instock","14":"downloadable","15":"virtual","16":"product-type-simple"},"_links":{"self":[{"href":"https:\/\/hexexist.com\/tr\/wp-json\/wp\/v2\/product\/13761","targetHints":{"allow":["GET"]}}],"collection":[{"href":"https:\/\/hexexist.com\/tr\/wp-json\/wp\/v2\/product"}],"about":[{"href":"https:\/\/hexexist.com\/tr\/wp-json\/wp\/v2\/types\/product"}],"replies":[{"embeddable":true,"href":"https:\/\/hexexist.com\/tr\/wp-json\/wp\/v2\/comments?post=13761"}],"wp:featuredmedia":[{"embeddable":true,"href":"https:\/\/hexexist.com\/tr\/wp-json\/wp\/v2\/media\/13353"}],"wp:attachment":[{"href":"https:\/\/hexexist.com\/tr\/wp-json\/wp\/v2\/media?parent=13761"}],"wp:term":[{"taxonomy":"product_brand","embeddable":true,"href":"https:\/\/hexexist.com\/tr\/wp-json\/wp\/v2\/product_brand?post=13761"},{"taxonomy":"product_cat","embeddable":true,"href":"https:\/\/hexexist.com\/tr\/wp-json\/wp\/v2\/product_cat?post=13761"},{"taxonomy":"product_tag","embeddable":true,"href":"https:\/\/hexexist.com\/tr\/wp-json\/wp\/v2\/product_tag?post=13761"}],"curies":[{"name":"wp","href":"https:\/\/api.w.org\/{rel}","templated":true}]}}