{"id":13762,"date":"2025-10-09T09:50:54","date_gmt":"2025-10-09T09:50:54","guid":{"rendered":"http:\/\/hexexist.com\/product\/hummingbird-performans-onbellegi-ve-temel-web-degerleri-icin-sayfa-hizi-optimizasyonu-critical-css-minify-css-defer-css-javascript-cdn\/"},"modified":"2025-10-09T09:50:54","modified_gmt":"2025-10-09T09:50:54","slug":"hummingbird-performans-onbellegi-ve-temel-web-degerleri-icin-sayfa-hizi-optimizasyonu-critical-css-minify-css-defer-css-javascript-cdn","status":"publish","type":"product","link":"https:\/\/hexexist.com\/tr\/urun\/hummingbird-performans-onbellegi-ve-temel-web-degerleri-icin-sayfa-hizi-optimizasyonu-critical-css-minify-css-defer-css-javascript-cdn\/","title":{"rendered":"Hummingbird Performans \u00d6nbelle\u011fi ve Temel Web De\u011ferleri i\u00e7in Sayfa H\u0131z\u0131 Optimizasyonu | Critical CSS | Minify CSS | Defer CSS Javascript | CDN"},"content":{"rendered":"<p>Hummingbird, dosya s\u0131k\u0131\u015ft\u0131rma, CSS ve JavaScript stillerini ve komut dosyalar\u0131n\u0131 erteleme, CSS ve JS i\u00e7in k\u00fc\u00e7\u00fcltme, Lazy Load entegrasyonu ve birinci s\u0131n\u0131f \u00f6nbelle\u011fe alma \u00fczerinde ince ayarlanm\u0131\u015f kontrollerle Google PageSpeed Insights&#8217;\u0131 art\u0131rman\u0131n yeni yollar\u0131n\u0131 ekleyerek web sitenizi daha h\u0131zl\u0131 hale getirir ve site performans\u0131n\u0131 optimize eder.<\/p>\n","protected":false},"excerpt":{"rendered":"<p>Hummingbird, dosya s\u0131k\u0131\u015ft\u0131rma, CSS ve JavaScript stillerini ve komut dosyalar\u0131n\u0131 erteleme, CSS ve JS i\u00e7in k\u00fc\u00e7\u00fcltme, Lazy Load entegrasyonu ve birinci s\u0131n\u0131f \u00f6nbelle\u011fe alma \u00fczerinde ince ayarlanm\u0131\u015f kontrollerle Google PageSpeed Insights&#8217;\u0131 art\u0131rman\u0131n yeni yollar\u0131n\u0131 ekleyerek web sitenizi daha h\u0131zl\u0131 hale getirir ve site performans\u0131n\u0131 optimize eder.<\/p>\n","protected":false},"featured_media":13348,"comment_status":"open","ping_status":"closed","template":"","meta":[],"product_brand":[],"product_cat":[1413],"product_tag":[1741,1739,1737,1627,1469],"class_list":{"0":"post-13762","1":"product","2":"type-product","3":"status-publish","4":"has-post-thumbnail","6":"product_cat-eklentiler","7":"product_tag-css-kucultme","8":"product_tag-kritik-css","9":"product_tag-onbellege-alma","10":"product_tag-onbellek","11":"product_tag-performans","13":"first","14":"instock","15":"downloadable","16":"virtual","17":"product-type-simple"},"_links":{"self":[{"href":"https:\/\/hexexist.com\/tr\/wp-json\/wp\/v2\/product\/13762","targetHints":{"allow":["GET"]}}],"collection":[{"href":"https:\/\/hexexist.com\/tr\/wp-json\/wp\/v2\/product"}],"about":[{"href":"https:\/\/hexexist.com\/tr\/wp-json\/wp\/v2\/types\/product"}],"replies":[{"embeddable":true,"href":"https:\/\/hexexist.com\/tr\/wp-json\/wp\/v2\/comments?post=13762"}],"wp:featuredmedia":[{"embeddable":true,"href":"https:\/\/hexexist.com\/tr\/wp-json\/wp\/v2\/media\/13348"}],"wp:attachment":[{"href":"https:\/\/hexexist.com\/tr\/wp-json\/wp\/v2\/media?parent=13762"}],"wp:term":[{"taxonomy":"product_brand","embeddable":true,"href":"https:\/\/hexexist.com\/tr\/wp-json\/wp\/v2\/product_brand?post=13762"},{"taxonomy":"product_cat","embeddable":true,"href":"https:\/\/hexexist.com\/tr\/wp-json\/wp\/v2\/product_cat?post=13762"},{"taxonomy":"product_tag","embeddable":true,"href":"https:\/\/hexexist.com\/tr\/wp-json\/wp\/v2\/product_tag?post=13762"}],"curies":[{"name":"wp","href":"https:\/\/api.w.org\/{rel}","templated":true}]}}