{"id":13763,"date":"2025-10-09T09:50:54","date_gmt":"2025-10-09T09:50:54","guid":{"rendered":"http:\/\/hexexist.com\/product\/elementor-icin-powerpack-eklentileri-ucretsiz-widgetlar-uzantilar-ve-sablonlar\/"},"modified":"2025-10-09T09:50:54","modified_gmt":"2025-10-09T09:50:54","slug":"elementor-icin-powerpack-eklentileri-ucretsiz-widgetlar-uzantilar-ve-sablonlar","status":"publish","type":"product","link":"https:\/\/hexexist.com\/tr\/urun\/elementor-icin-powerpack-eklentileri-ucretsiz-widgetlar-uzantilar-ve-sablonlar\/","title":{"rendered":"Elementor i\u00e7in PowerPack Eklentileri (\u00dccretsiz Widget&#8217;lar, Uzant\u0131lar ve \u015eablonlar)"},"content":{"rendered":"<p>PowerPack Addons for Elementor, web sitesi tasar\u0131m deneyiminizi y\u00fckseltmek i\u00e7in yarat\u0131c\u0131 widget&#8217;lar, g\u00fc\u00e7l\u00fc uzant\u0131lar ve profesyonelce haz\u0131rlanm\u0131\u015f Elementor \u015fablonlar\u0131ndan olu\u015fan kapsaml\u0131 bir koleksiyon sunar. PowerPack&#8217;in \u00e7ok y\u00f6nl\u00fc ve kullan\u0131c\u0131 dostu Elementor eklentileriyle geli\u015fmi\u015f tasar\u0131m yeteneklerinin kilidini a\u00e7\u0131n, i\u015f ak\u0131\u015f\u0131n\u0131z\u0131 kolayla\u015ft\u0131r\u0131n ve zahmetsizce \u00e7arp\u0131c\u0131, profesyonel web siteleri olu\u015fturun. <\/p>\n","protected":false},"excerpt":{"rendered":"<p>PowerPack Addons for Elementor, web sitesi tasar\u0131m deneyiminizi y\u00fckseltmek i\u00e7in yarat\u0131c\u0131 widget&#8217;lar, g\u00fc\u00e7l\u00fc uzant\u0131lar ve profesyonelce haz\u0131rlanm\u0131\u015f Elementor \u015fablonlar\u0131ndan olu\u015fan kapsaml\u0131 bir koleksiyon sunar. PowerPack&#8217;in \u00e7ok y\u00f6nl\u00fc ve kullan\u0131c\u0131 dostu Elementor eklentileriyle geli\u015fmi\u015f tasar\u0131m yeteneklerinin kilidini a\u00e7\u0131n, i\u015f ak\u0131\u015f\u0131n\u0131z\u0131 kolayla\u015ft\u0131r\u0131n ve zahmetsizce \u00e7arp\u0131c\u0131, profesyonel web siteleri olu\u015fturun.<\/p>\n","protected":false},"featured_media":13352,"comment_status":"open","ping_status":"closed","template":"","meta":[],"product_brand":[],"product_cat":[1413],"product_tag":[1532,1537,1744,1539,1538],"class_list":{"0":"post-13763","1":"product","2":"type-product","3":"status-publish","4":"has-post-thumbnail","6":"product_cat-eklentiler","7":"product_tag-elementor-tr","8":"product_tag-elementor-eklentileri","9":"product_tag-elementor-eklentisi","10":"product_tag-elementor-sablonlari","11":"product_tag-elementor-widgetlari","13":"first","14":"instock","15":"downloadable","16":"virtual","17":"product-type-simple"},"_links":{"self":[{"href":"https:\/\/hexexist.com\/tr\/wp-json\/wp\/v2\/product\/13763","targetHints":{"allow":["GET"]}}],"collection":[{"href":"https:\/\/hexexist.com\/tr\/wp-json\/wp\/v2\/product"}],"about":[{"href":"https:\/\/hexexist.com\/tr\/wp-json\/wp\/v2\/types\/product"}],"replies":[{"embeddable":true,"href":"https:\/\/hexexist.com\/tr\/wp-json\/wp\/v2\/comments?post=13763"}],"wp:featuredmedia":[{"embeddable":true,"href":"https:\/\/hexexist.com\/tr\/wp-json\/wp\/v2\/media\/13352"}],"wp:attachment":[{"href":"https:\/\/hexexist.com\/tr\/wp-json\/wp\/v2\/media?parent=13763"}],"wp:term":[{"taxonomy":"product_brand","embeddable":true,"href":"https:\/\/hexexist.com\/tr\/wp-json\/wp\/v2\/product_brand?post=13763"},{"taxonomy":"product_cat","embeddable":true,"href":"https:\/\/hexexist.com\/tr\/wp-json\/wp\/v2\/product_cat?post=13763"},{"taxonomy":"product_tag","embeddable":true,"href":"https:\/\/hexexist.com\/tr\/wp-json\/wp\/v2\/product_tag?post=13763"}],"curies":[{"name":"wp","href":"https:\/\/api.w.org\/{rel}","templated":true}]}}