{"id":13764,"date":"2025-10-09T09:50:54","date_gmt":"2025-10-09T09:50:54","guid":{"rendered":"http:\/\/hexexist.com\/product\/headers-security-advanced-hsts-wp\/"},"modified":"2025-10-09T09:50:54","modified_gmt":"2025-10-09T09:50:54","slug":"headers-security-advanced-hsts-wp","status":"publish","type":"product","link":"https:\/\/hexexist.com\/tr\/urun\/headers-security-advanced-hsts-wp\/","title":{"rendered":"Headers Security Advanced &amp; HSTS WP"},"content":{"rendered":"<p>Headers Security Advanced &amp; HSTS WP, t\u00fcm WordPress kullan\u0131c\u0131lar\u0131 i\u00e7in en iyi hepsi bir arada \u00fccretsiz bir eklentidir. Bu eklentinin devre d\u0131\u015f\u0131 b\u0131rak\u0131lmas\u0131, site yap\u0131land\u0131rman\u0131z\u0131 tam olarak \u00f6nceki durumuna geri d\u00f6nd\u00fcrecektir. <\/p>\n","protected":false},"excerpt":{"rendered":"<p>Headers Security Advanced &amp; HSTS WP, t\u00fcm WordPress kullan\u0131c\u0131lar\u0131 i\u00e7in en iyi hepsi bir arada \u00fccretsiz bir eklentidir. Bu eklentinin devre d\u0131\u015f\u0131 b\u0131rak\u0131lmas\u0131, site yap\u0131land\u0131rman\u0131z\u0131 tam olarak \u00f6nceki durumuna geri d\u00f6nd\u00fcrecektir.<\/p>\n","protected":false},"featured_media":13347,"comment_status":"open","ping_status":"closed","template":"","meta":[],"product_brand":[],"product_cat":[1413],"product_tag":[1746,1747,1743,1745,1748],"class_list":{"0":"post-13764","1":"product","2":"type-product","3":"status-publish","4":"has-post-thumbnail","6":"product_cat-eklentiler","7":"product_tag-basliklar","8":"product_tag-basliklar-guvenlik","9":"product_tag-clickjacking-tr","10":"product_tag-csp-tr","11":"product_tag-hsts-tr","13":"first","14":"instock","15":"downloadable","16":"virtual","17":"product-type-simple"},"_links":{"self":[{"href":"https:\/\/hexexist.com\/tr\/wp-json\/wp\/v2\/product\/13764","targetHints":{"allow":["GET"]}}],"collection":[{"href":"https:\/\/hexexist.com\/tr\/wp-json\/wp\/v2\/product"}],"about":[{"href":"https:\/\/hexexist.com\/tr\/wp-json\/wp\/v2\/types\/product"}],"replies":[{"embeddable":true,"href":"https:\/\/hexexist.com\/tr\/wp-json\/wp\/v2\/comments?post=13764"}],"wp:featuredmedia":[{"embeddable":true,"href":"https:\/\/hexexist.com\/tr\/wp-json\/wp\/v2\/media\/13347"}],"wp:attachment":[{"href":"https:\/\/hexexist.com\/tr\/wp-json\/wp\/v2\/media?parent=13764"}],"wp:term":[{"taxonomy":"product_brand","embeddable":true,"href":"https:\/\/hexexist.com\/tr\/wp-json\/wp\/v2\/product_brand?post=13764"},{"taxonomy":"product_cat","embeddable":true,"href":"https:\/\/hexexist.com\/tr\/wp-json\/wp\/v2\/product_cat?post=13764"},{"taxonomy":"product_tag","embeddable":true,"href":"https:\/\/hexexist.com\/tr\/wp-json\/wp\/v2\/product_tag?post=13764"}],"curies":[{"name":"wp","href":"https:\/\/api.w.org\/{rel}","templated":true}]}}