{"id":13765,"date":"2025-10-09T09:50:55","date_gmt":"2025-10-09T09:50:55","guid":{"rendered":"http:\/\/hexexist.com\/product\/kullanici-menuleri-nav-menu-gorunurlugu\/"},"modified":"2025-10-09T09:50:55","modified_gmt":"2025-10-09T09:50:55","slug":"kullanici-menuleri-nav-menu-gorunurlugu","status":"publish","type":"product","link":"https:\/\/hexexist.com\/tr\/urun\/kullanici-menuleri-nav-menu-gorunurlugu\/","title":{"rendered":"Kullan\u0131c\u0131 Men\u00fcleri Nav Men\u00fc G\u00f6r\u00fcn\u00fcrl\u00fc\u011f\u00fc"},"content":{"rendered":"<p>Kullan\u0131c\u0131 Men\u00fcleri, giri\u015f yapm\u0131\u015f kullan\u0131c\u0131lar\u0131 olan web siteleri i\u00e7in m\u00fckemmel bir eklentidir.<\/p>\n","protected":false},"excerpt":{"rendered":"<p>Kullan\u0131c\u0131 Men\u00fcleri, giri\u015f yapm\u0131\u015f kullan\u0131c\u0131lar\u0131 olan web siteleri i\u00e7in m\u00fckemmel bir eklentidir.<\/p>\n","protected":false},"featured_media":13355,"comment_status":"open","ping_status":"closed","template":"","meta":[],"product_brand":[],"product_cat":[1413],"product_tag":[1750,1686,1688,1687,1749],"class_list":{"0":"post-13765","1":"product","2":"type-product","3":"status-publish","4":"has-post-thumbnail","6":"product_cat-eklentiler","7":"product_tag-kullanici-menusu","8":"product_tag-menu-tr","9":"product_tag-menuler","10":"product_tag-nav-menusu","11":"product_tag-oturum-kapatma","13":"first","14":"instock","15":"downloadable","16":"virtual","17":"product-type-simple"},"_links":{"self":[{"href":"https:\/\/hexexist.com\/tr\/wp-json\/wp\/v2\/product\/13765","targetHints":{"allow":["GET"]}}],"collection":[{"href":"https:\/\/hexexist.com\/tr\/wp-json\/wp\/v2\/product"}],"about":[{"href":"https:\/\/hexexist.com\/tr\/wp-json\/wp\/v2\/types\/product"}],"replies":[{"embeddable":true,"href":"https:\/\/hexexist.com\/tr\/wp-json\/wp\/v2\/comments?post=13765"}],"wp:featuredmedia":[{"embeddable":true,"href":"https:\/\/hexexist.com\/tr\/wp-json\/wp\/v2\/media\/13355"}],"wp:attachment":[{"href":"https:\/\/hexexist.com\/tr\/wp-json\/wp\/v2\/media?parent=13765"}],"wp:term":[{"taxonomy":"product_brand","embeddable":true,"href":"https:\/\/hexexist.com\/tr\/wp-json\/wp\/v2\/product_brand?post=13765"},{"taxonomy":"product_cat","embeddable":true,"href":"https:\/\/hexexist.com\/tr\/wp-json\/wp\/v2\/product_cat?post=13765"},{"taxonomy":"product_tag","embeddable":true,"href":"https:\/\/hexexist.com\/tr\/wp-json\/wp\/v2\/product_tag?post=13765"}],"curies":[{"name":"wp","href":"https:\/\/api.w.org\/{rel}","templated":true}]}}