{"id":13766,"date":"2025-10-09T09:50:55","date_gmt":"2025-10-09T09:50:55","guid":{"rendered":"http:\/\/hexexist.com\/product\/anywhere-elementor\/"},"modified":"2025-10-09T09:50:55","modified_gmt":"2025-10-09T09:50:55","slug":"anywhere-elementor","status":"publish","type":"product","link":"https:\/\/hexexist.com\/tr\/urun\/anywhere-elementor\/","title":{"rendered":"AnyWhere Elementor"},"content":{"rendered":"<p>K\u0131sa kodlar\u0131 kullanarak herhangi bir yere elementor sayfalar\u0131, k\u00fct\u00fcphane \u015fablonlar\u0131 ve global \u015fablonlar eklemenizi sa\u011flar. \u015eimdi global elementor b\u00f6l\u00fcmleri olu\u015fturun. Tek bir yerde de\u011fi\u015ftirin ve her yere yans\u0131t\u0131n.  <\/p>\n","protected":false},"excerpt":{"rendered":"<p>K\u0131sa kodlar\u0131 kullanarak herhangi bir yere elementor sayfalar\u0131, k\u00fct\u00fcphane \u015fablonlar\u0131 ve global \u015fablonlar eklemenizi sa\u011flar. \u015eimdi global elementor b\u00f6l\u00fcmleri olu\u015fturun. Tek bir yerde de\u011fi\u015ftirin ve her yere yans\u0131t\u0131n.<\/p>\n","protected":false},"featured_media":13360,"comment_status":"open","ping_status":"closed","template":"","meta":[],"product_brand":[],"product_cat":[1413],"product_tag":[1532,1744,1535],"class_list":{"0":"post-13766","1":"product","2":"type-product","3":"status-publish","4":"has-post-thumbnail","6":"product_cat-eklentiler","7":"product_tag-elementor-tr","8":"product_tag-elementor-eklentisi","9":"product_tag-sayfa-olusturucu","11":"first","12":"instock","13":"downloadable","14":"virtual","15":"product-type-simple"},"_links":{"self":[{"href":"https:\/\/hexexist.com\/tr\/wp-json\/wp\/v2\/product\/13766","targetHints":{"allow":["GET"]}}],"collection":[{"href":"https:\/\/hexexist.com\/tr\/wp-json\/wp\/v2\/product"}],"about":[{"href":"https:\/\/hexexist.com\/tr\/wp-json\/wp\/v2\/types\/product"}],"replies":[{"embeddable":true,"href":"https:\/\/hexexist.com\/tr\/wp-json\/wp\/v2\/comments?post=13766"}],"wp:featuredmedia":[{"embeddable":true,"href":"https:\/\/hexexist.com\/tr\/wp-json\/wp\/v2\/media\/13360"}],"wp:attachment":[{"href":"https:\/\/hexexist.com\/tr\/wp-json\/wp\/v2\/media?parent=13766"}],"wp:term":[{"taxonomy":"product_brand","embeddable":true,"href":"https:\/\/hexexist.com\/tr\/wp-json\/wp\/v2\/product_brand?post=13766"},{"taxonomy":"product_cat","embeddable":true,"href":"https:\/\/hexexist.com\/tr\/wp-json\/wp\/v2\/product_cat?post=13766"},{"taxonomy":"product_tag","embeddable":true,"href":"https:\/\/hexexist.com\/tr\/wp-json\/wp\/v2\/product_tag?post=13766"}],"curies":[{"name":"wp","href":"https:\/\/api.w.org\/{rel}","templated":true}]}}