{"id":13767,"date":"2025-10-09T09:50:55","date_gmt":"2025-10-09T09:50:55","guid":{"rendered":"http:\/\/hexexist.com\/product\/wp-is-yoneticisi\/"},"modified":"2025-10-09T09:50:55","modified_gmt":"2025-10-09T09:50:55","slug":"wp-is-yoneticisi","status":"publish","type":"product","link":"https:\/\/hexexist.com\/tr\/urun\/wp-is-yoneticisi\/","title":{"rendered":"WP \u0130\u015f Y\u00f6neticisi"},"content":{"rendered":"<p>WP Job Manager, WordPress sitenize i\u015f panosu i\u015flevselli\u011fi eklemek i\u00e7in hafif bir i\u015f listeleme eklentisidir. K\u0131sa kod tabanl\u0131 oldu\u011fundan, herhangi bir tema ile \u00e7al\u0131\u015fabilir (biraz CSS stili verildi\u011finde) ve kurulumu ger\u00e7ekten basittir. <\/p>\n","protected":false},"excerpt":{"rendered":"<p>WP Job Manager, WordPress sitenize i\u015f panosu i\u015flevselli\u011fi eklemek i\u00e7in hafif bir i\u015f listeleme eklentisidir. K\u0131sa kod tabanl\u0131 oldu\u011fundan, herhangi bir tema ile \u00e7al\u0131\u015fabilir (biraz CSS stili verildi\u011finde) ve kurulumu ger\u00e7ekten basittir.<\/p>\n","protected":false},"featured_media":13359,"comment_status":"open","ping_status":"closed","template":"","meta":[],"product_brand":[],"product_cat":[1413],"product_tag":[1754,1753,1756,1751,1752],"class_list":{"0":"post-13767","1":"product","2":"type-product","3":"status-publish","4":"has-post-thumbnail","6":"product_cat-eklentiler","7":"product_tag-is-kurulu","8":"product_tag-ise-alma","9":"product_tag-isler","10":"product_tag-kariyer","11":"product_tag-sirket","13":"first","14":"instock","15":"downloadable","16":"virtual","17":"product-type-simple"},"_links":{"self":[{"href":"https:\/\/hexexist.com\/tr\/wp-json\/wp\/v2\/product\/13767","targetHints":{"allow":["GET"]}}],"collection":[{"href":"https:\/\/hexexist.com\/tr\/wp-json\/wp\/v2\/product"}],"about":[{"href":"https:\/\/hexexist.com\/tr\/wp-json\/wp\/v2\/types\/product"}],"replies":[{"embeddable":true,"href":"https:\/\/hexexist.com\/tr\/wp-json\/wp\/v2\/comments?post=13767"}],"wp:featuredmedia":[{"embeddable":true,"href":"https:\/\/hexexist.com\/tr\/wp-json\/wp\/v2\/media\/13359"}],"wp:attachment":[{"href":"https:\/\/hexexist.com\/tr\/wp-json\/wp\/v2\/media?parent=13767"}],"wp:term":[{"taxonomy":"product_brand","embeddable":true,"href":"https:\/\/hexexist.com\/tr\/wp-json\/wp\/v2\/product_brand?post=13767"},{"taxonomy":"product_cat","embeddable":true,"href":"https:\/\/hexexist.com\/tr\/wp-json\/wp\/v2\/product_cat?post=13767"},{"taxonomy":"product_tag","embeddable":true,"href":"https:\/\/hexexist.com\/tr\/wp-json\/wp\/v2\/product_tag?post=13767"}],"curies":[{"name":"wp","href":"https:\/\/api.w.org\/{rel}","templated":true}]}}