{"id":13768,"date":"2025-10-09T09:50:55","date_gmt":"2025-10-09T09:50:55","guid":{"rendered":"http:\/\/hexexist.com\/product\/themegrillden-baslangic-sablonlari-ve-siteleri-paketi\/"},"modified":"2025-10-09T09:50:55","modified_gmt":"2025-10-09T09:50:55","slug":"themegrillden-baslangic-sablonlari-ve-siteleri-paketi","status":"publish","type":"product","link":"https:\/\/hexexist.com\/tr\/urun\/themegrillden-baslangic-sablonlari-ve-siteleri-paketi\/","title":{"rendered":"ThemeGrill&#8217;den Ba\u015flang\u0131\u00e7 \u015eablonlar\u0131 ve Siteleri Paketi"},"content":{"rendered":"<p>Premium ba\u015flang\u0131\u00e7 siteleri ve web sitesi \u015fablonlar\u0131ndan olu\u015fan geni\u015f bir koleksiyonu ke\u015ffedin. Eksiksiz demo i\u00e7eri\u011fini, widget&#8217;lar\u0131 ve tema ayarlar\u0131n\u0131 tek bir t\u0131klamayla an\u0131nda i\u00e7e aktar\u0131n. \u0130\u015f web siteleri, \u00e7evrimi\u00e7i kurslar, portf\u00f6yler, bloglar ve daha fazlas\u0131 i\u00e7in idealdir. Size dakikalar i\u00e7inde profesyonel, lansmana haz\u0131r bir web sitesi sunar.   <\/p>\n","protected":false},"excerpt":{"rendered":"<p>Premium ba\u015flang\u0131\u00e7 siteleri ve web sitesi \u015fablonlar\u0131ndan olu\u015fan geni\u015f bir koleksiyonu ke\u015ffedin. Eksiksiz demo i\u00e7eri\u011fini, widget&#8217;lar\u0131 ve tema ayarlar\u0131n\u0131 tek bir t\u0131klamayla an\u0131nda i\u00e7e aktar\u0131n. \u0130\u015f web siteleri, \u00e7evrimi\u00e7i kurslar, portf\u00f6yler, bloglar ve daha fazlas\u0131 i\u00e7in idealdir. Size dakikalar i\u00e7inde profesyonel, lansmana haz\u0131r bir web sitesi sunar.<\/p>\n","protected":false},"featured_media":13354,"comment_status":"open","ping_status":"closed","template":"","meta":[],"product_brand":[],"product_cat":[1413],"product_tag":[1755,1689,1757,1758,1759],"class_list":{"0":"post-13768","1":"product","2":"type-product","3":"status-publish","4":"has-post-thumbnail","6":"product_cat-eklentiler","7":"product_tag-demo-tr","8":"product_tag-ithalatci","9":"product_tag-tek-tikla-ice-aktarma","10":"product_tag-tema-demolari","11":"product_tag-themegrill-tr","13":"first","14":"instock","15":"downloadable","16":"virtual","17":"product-type-simple"},"_links":{"self":[{"href":"https:\/\/hexexist.com\/tr\/wp-json\/wp\/v2\/product\/13768","targetHints":{"allow":["GET"]}}],"collection":[{"href":"https:\/\/hexexist.com\/tr\/wp-json\/wp\/v2\/product"}],"about":[{"href":"https:\/\/hexexist.com\/tr\/wp-json\/wp\/v2\/types\/product"}],"replies":[{"embeddable":true,"href":"https:\/\/hexexist.com\/tr\/wp-json\/wp\/v2\/comments?post=13768"}],"wp:featuredmedia":[{"embeddable":true,"href":"https:\/\/hexexist.com\/tr\/wp-json\/wp\/v2\/media\/13354"}],"wp:attachment":[{"href":"https:\/\/hexexist.com\/tr\/wp-json\/wp\/v2\/media?parent=13768"}],"wp:term":[{"taxonomy":"product_brand","embeddable":true,"href":"https:\/\/hexexist.com\/tr\/wp-json\/wp\/v2\/product_brand?post=13768"},{"taxonomy":"product_cat","embeddable":true,"href":"https:\/\/hexexist.com\/tr\/wp-json\/wp\/v2\/product_cat?post=13768"},{"taxonomy":"product_tag","embeddable":true,"href":"https:\/\/hexexist.com\/tr\/wp-json\/wp\/v2\/product_tag?post=13768"}],"curies":[{"name":"wp","href":"https:\/\/api.w.org\/{rel}","templated":true}]}}