{"id":13769,"date":"2025-10-09T09:50:55","date_gmt":"2025-10-09T09:50:55","guid":{"rendered":"http:\/\/hexexist.com\/product\/dis-baglantilar-nofollow-noopener-yeni-pencere\/"},"modified":"2025-10-09T09:50:55","modified_gmt":"2025-10-09T09:50:55","slug":"dis-baglantilar-nofollow-noopener-yeni-pencere","status":"publish","type":"product","link":"https:\/\/hexexist.com\/tr\/urun\/dis-baglantilar-nofollow-noopener-yeni-pencere\/","title":{"rendered":"D\u0131\u015f Ba\u011flant\u0131lar nofollow, noopener &amp; yeni pencere"},"content":{"rendered":"<p>Sitenizdeki t\u00fcm harici ve dahili ba\u011flant\u0131lar\u0131 y\u00f6netin. Simgeleri, nofollow, noopener, ugc (Kullan\u0131c\u0131 Taraf\u0131ndan Olu\u015fturulan \u0130\u00e7erik), sponsorlu ve ba\u011flant\u0131lar\u0131n yeni pencerede veya yeni sekmede a\u00e7\u0131l\u0131p a\u00e7\u0131lmayaca\u011f\u0131n\u0131 kontrol edin. <\/p>\n","protected":false},"excerpt":{"rendered":"<p>Sitenizdeki t\u00fcm harici ve dahili ba\u011flant\u0131lar\u0131 y\u00f6netin. Simgeleri, nofollow, noopener, ugc (Kullan\u0131c\u0131 Taraf\u0131ndan Olu\u015fturulan \u0130\u00e7erik), sponsorlu ve ba\u011flant\u0131lar\u0131n yeni pencerede veya yeni sekmede a\u00e7\u0131l\u0131p a\u00e7\u0131lmayaca\u011f\u0131n\u0131 kontrol edin.<\/p>\n","protected":false},"featured_media":13358,"comment_status":"open","ping_status":"closed","template":"","meta":[],"product_brand":[],"product_cat":[1413],"product_tag":[1760,1766,1768,1764,1762],"class_list":{"0":"post-13769","1":"product","2":"type-product","3":"status-publish","4":"has-post-thumbnail","6":"product_cat-eklentiler","7":"product_tag-harici-baglantilar","8":"product_tag-nofollow-tr","9":"product_tag-noopener-tr","10":"product_tag-yeni-pencere","11":"product_tag-yeni-sekme","13":"first","14":"instock","15":"downloadable","16":"virtual","17":"product-type-simple"},"_links":{"self":[{"href":"https:\/\/hexexist.com\/tr\/wp-json\/wp\/v2\/product\/13769","targetHints":{"allow":["GET"]}}],"collection":[{"href":"https:\/\/hexexist.com\/tr\/wp-json\/wp\/v2\/product"}],"about":[{"href":"https:\/\/hexexist.com\/tr\/wp-json\/wp\/v2\/types\/product"}],"replies":[{"embeddable":true,"href":"https:\/\/hexexist.com\/tr\/wp-json\/wp\/v2\/comments?post=13769"}],"wp:featuredmedia":[{"embeddable":true,"href":"https:\/\/hexexist.com\/tr\/wp-json\/wp\/v2\/media\/13358"}],"wp:attachment":[{"href":"https:\/\/hexexist.com\/tr\/wp-json\/wp\/v2\/media?parent=13769"}],"wp:term":[{"taxonomy":"product_brand","embeddable":true,"href":"https:\/\/hexexist.com\/tr\/wp-json\/wp\/v2\/product_brand?post=13769"},{"taxonomy":"product_cat","embeddable":true,"href":"https:\/\/hexexist.com\/tr\/wp-json\/wp\/v2\/product_cat?post=13769"},{"taxonomy":"product_tag","embeddable":true,"href":"https:\/\/hexexist.com\/tr\/wp-json\/wp\/v2\/product_tag?post=13769"}],"curies":[{"name":"wp","href":"https:\/\/api.w.org\/{rel}","templated":true}]}}