{"id":13770,"date":"2025-10-09T09:50:56","date_gmt":"2025-10-09T09:50:56","guid":{"rendered":"http:\/\/hexexist.com\/product\/blogvault-yedekleme-ve-evreleme\/"},"modified":"2025-10-09T09:50:56","modified_gmt":"2025-10-09T09:50:56","slug":"blogvault-yedekleme-ve-evreleme","status":"publish","type":"product","link":"https:\/\/hexexist.com\/tr\/urun\/blogvault-yedekleme-ve-evreleme\/","title":{"rendered":"BlogVault Yedekleme ve Evreleme"},"content":{"rendered":"<p>BlogVault, veritaban\u0131, temalar, eklentiler ve medya dosyalar\u0131 dahil olmak \u00fczere t\u00fcm WordPress web siteniz i\u00e7in otomatik, g\u00fcvenli ve art\u0131ml\u0131 yedeklemeler sa\u011flar. Ayr\u0131ca, de\u011fi\u015fiklikleri g\u00fcvenli bir \u015fekilde test edebilmeniz veya sitenizi kolayl\u0131kla yeni bir ana bilgisayara veya etki alan\u0131na ta\u015f\u0131yabilmeniz i\u00e7in yerle\u015fik haz\u0131rlama ve ta\u015f\u0131ma \u00f6zellikleri de i\u00e7erir.  <\/p>\n","protected":false},"excerpt":{"rendered":"<p>BlogVault, veritaban\u0131, temalar, eklentiler ve medya dosyalar\u0131 dahil olmak \u00fczere t\u00fcm WordPress web siteniz i\u00e7in otomatik, g\u00fcvenli ve art\u0131ml\u0131 yedeklemeler sa\u011flar. Ayr\u0131ca, de\u011fi\u015fiklikleri g\u00fcvenli bir \u015fekilde test edebilmeniz veya sitenizi kolayl\u0131kla yeni bir ana bilgisayara veya etki alan\u0131na ta\u015f\u0131yabilmeniz i\u00e7in yerle\u015fik haz\u0131rlama ve ta\u015f\u0131ma \u00f6zellikleri de i\u00e7erir.<\/p>\n","protected":false},"featured_media":13362,"comment_status":"open","ping_status":"closed","template":"","meta":[],"product_brand":[],"product_cat":[1413],"product_tag":[1763,1767,1765,1761,1650],"class_list":{"0":"post-13770","1":"product","2":"type-product","3":"status-publish","4":"has-post-thumbnail","6":"product_cat-eklentiler","7":"product_tag-bulut-yedekleme","8":"product_tag-evreleme","9":"product_tag-goc","10":"product_tag-klon","11":"product_tag-yedekleme","13":"first","14":"instock","15":"downloadable","16":"virtual","17":"product-type-simple"},"_links":{"self":[{"href":"https:\/\/hexexist.com\/tr\/wp-json\/wp\/v2\/product\/13770","targetHints":{"allow":["GET"]}}],"collection":[{"href":"https:\/\/hexexist.com\/tr\/wp-json\/wp\/v2\/product"}],"about":[{"href":"https:\/\/hexexist.com\/tr\/wp-json\/wp\/v2\/types\/product"}],"replies":[{"embeddable":true,"href":"https:\/\/hexexist.com\/tr\/wp-json\/wp\/v2\/comments?post=13770"}],"wp:featuredmedia":[{"embeddable":true,"href":"https:\/\/hexexist.com\/tr\/wp-json\/wp\/v2\/media\/13362"}],"wp:attachment":[{"href":"https:\/\/hexexist.com\/tr\/wp-json\/wp\/v2\/media?parent=13770"}],"wp:term":[{"taxonomy":"product_brand","embeddable":true,"href":"https:\/\/hexexist.com\/tr\/wp-json\/wp\/v2\/product_brand?post=13770"},{"taxonomy":"product_cat","embeddable":true,"href":"https:\/\/hexexist.com\/tr\/wp-json\/wp\/v2\/product_cat?post=13770"},{"taxonomy":"product_tag","embeddable":true,"href":"https:\/\/hexexist.com\/tr\/wp-json\/wp\/v2\/product_tag?post=13770"}],"curies":[{"name":"wp","href":"https:\/\/api.w.org\/{rel}","templated":true}]}}