{"id":13771,"date":"2025-10-09T09:50:56","date_gmt":"2025-10-09T09:50:56","guid":{"rendered":"http:\/\/hexexist.com\/product\/blok-animasyonu-gutenberg-bloklari-icin-css-animasyonlari\/"},"modified":"2025-10-09T09:50:56","modified_gmt":"2025-10-09T09:50:56","slug":"blok-animasyonu-gutenberg-bloklari-icin-css-animasyonlari","status":"publish","type":"product","link":"https:\/\/hexexist.com\/tr\/urun\/blok-animasyonu-gutenberg-bloklari-icin-css-animasyonlari\/","title":{"rendered":"Blok Animasyonu: Gutenberg Bloklar\u0131 i\u00e7in CSS Animasyonlar\u0131"},"content":{"rendered":"<p>Blok Animasyonu, t\u00fcm Gutenberg bloklar\u0131n\u0131za CSS Animasyonlar\u0131n\u0131 en zarif \u015fekilde eklemenizi sa\u011flar.<\/p>\n","protected":false},"excerpt":{"rendered":"<p>Blok Animasyonu, t\u00fcm Gutenberg bloklar\u0131n\u0131za CSS Animasyonlar\u0131n\u0131 en zarif \u015fekilde eklemenizi sa\u011flar.<\/p>\n","protected":false},"featured_media":13361,"comment_status":"open","ping_status":"closed","template":"","meta":[],"product_brand":[],"product_cat":[1413],"product_tag":[1774,1773,1769,1771,1526],"class_list":{"0":"post-13771","1":"product","2":"type-product","3":"status-publish","4":"has-post-thumbnail","6":"product_cat-eklentiler","7":"product_tag-animasyon","8":"product_tag-block-tr","9":"product_tag-blok-duzenleyici","10":"product_tag-editor-tr","11":"product_tag-gutenberg-tr","13":"first","14":"instock","15":"downloadable","16":"virtual","17":"product-type-simple"},"_links":{"self":[{"href":"https:\/\/hexexist.com\/tr\/wp-json\/wp\/v2\/product\/13771","targetHints":{"allow":["GET"]}}],"collection":[{"href":"https:\/\/hexexist.com\/tr\/wp-json\/wp\/v2\/product"}],"about":[{"href":"https:\/\/hexexist.com\/tr\/wp-json\/wp\/v2\/types\/product"}],"replies":[{"embeddable":true,"href":"https:\/\/hexexist.com\/tr\/wp-json\/wp\/v2\/comments?post=13771"}],"wp:featuredmedia":[{"embeddable":true,"href":"https:\/\/hexexist.com\/tr\/wp-json\/wp\/v2\/media\/13361"}],"wp:attachment":[{"href":"https:\/\/hexexist.com\/tr\/wp-json\/wp\/v2\/media?parent=13771"}],"wp:term":[{"taxonomy":"product_brand","embeddable":true,"href":"https:\/\/hexexist.com\/tr\/wp-json\/wp\/v2\/product_brand?post=13771"},{"taxonomy":"product_cat","embeddable":true,"href":"https:\/\/hexexist.com\/tr\/wp-json\/wp\/v2\/product_cat?post=13771"},{"taxonomy":"product_tag","embeddable":true,"href":"https:\/\/hexexist.com\/tr\/wp-json\/wp\/v2\/product_tag?post=13771"}],"curies":[{"name":"wp","href":"https:\/\/api.w.org\/{rel}","templated":true}]}}