{"id":13772,"date":"2025-10-09T09:50:55","date_gmt":"2025-10-09T09:50:55","guid":{"rendered":"http:\/\/hexexist.com\/product\/woocommerce-icin-menu-sepeti\/"},"modified":"2026-03-05T07:56:32","modified_gmt":"2026-03-05T07:56:32","slug":"woocommerce-icin-menu-sepeti","status":"publish","type":"product","link":"https:\/\/hexexist.com\/tr\/urun\/woocommerce-icin-menu-sepeti\/","title":{"rendered":"WooCommerce i\u00e7in Men\u00fc Sepeti"},"content":{"rendered":"<p>** WooCommerce ve Easy Digital Downloads (EDD) ile \u00e7al\u0131\u015f\u0131r **<\/p>\n","protected":false},"excerpt":{"rendered":"<p>** WooCommerce ve Easy Digital Downloads (EDD) ile \u00e7al\u0131\u015f\u0131r **<\/p>\n","protected":false},"featured_media":13357,"comment_status":"open","ping_status":"closed","template":"","meta":[],"product_brand":[],"product_cat":[1413],"product_tag":[1770,1772,1775,1686,1459],"class_list":{"0":"post-13772","1":"product","2":"type-product","3":"status-publish","4":"has-post-thumbnail","6":"product_cat-eklentiler","7":"product_tag-alisveris-sepeti","8":"product_tag-araba","9":"product_tag-edd-tr","10":"product_tag-menu-tr","11":"product_tag-woocommerce-tr","13":"first","14":"instock","15":"downloadable","16":"virtual","17":"product-type-simple"},"_links":{"self":[{"href":"https:\/\/hexexist.com\/tr\/wp-json\/wp\/v2\/product\/13772","targetHints":{"allow":["GET"]}}],"collection":[{"href":"https:\/\/hexexist.com\/tr\/wp-json\/wp\/v2\/product"}],"about":[{"href":"https:\/\/hexexist.com\/tr\/wp-json\/wp\/v2\/types\/product"}],"replies":[{"embeddable":true,"href":"https:\/\/hexexist.com\/tr\/wp-json\/wp\/v2\/comments?post=13772"}],"wp:featuredmedia":[{"embeddable":true,"href":"https:\/\/hexexist.com\/tr\/wp-json\/wp\/v2\/media\/13357"}],"wp:attachment":[{"href":"https:\/\/hexexist.com\/tr\/wp-json\/wp\/v2\/media?parent=13772"}],"wp:term":[{"taxonomy":"product_brand","embeddable":true,"href":"https:\/\/hexexist.com\/tr\/wp-json\/wp\/v2\/product_brand?post=13772"},{"taxonomy":"product_cat","embeddable":true,"href":"https:\/\/hexexist.com\/tr\/wp-json\/wp\/v2\/product_cat?post=13772"},{"taxonomy":"product_tag","embeddable":true,"href":"https:\/\/hexexist.com\/tr\/wp-json\/wp\/v2\/product_tag?post=13772"}],"curies":[{"name":"wp","href":"https:\/\/api.w.org\/{rel}","templated":true}]}}