{"id":13773,"date":"2025-10-09T09:50:57","date_gmt":"2025-10-09T09:50:57","guid":{"rendered":"http:\/\/hexexist.com\/product\/hotjar\/"},"modified":"2026-03-05T07:42:54","modified_gmt":"2026-03-05T07:42:54","slug":"hotjar","status":"publish","type":"product","link":"https:\/\/hexexist.com\/tr\/urun\/hotjar\/","title":{"rendered":"Hotjar"},"content":{"rendered":"<p>Hotjar, kullan\u0131c\u0131lar\u0131n\u0131z\u0131n ne yapt\u0131\u011f\u0131 ve neden yapt\u0131\u011f\u0131 aras\u0131ndaki noktalar\u0131 birle\u015ftirmenize yard\u0131mc\u0131 olur, b\u00f6ylece d\u00f6n\u00fc\u015f\u00fcm sa\u011flayan kullan\u0131c\u0131 deneyimlerini g\u00fcvenle olu\u015fturabilir ve optimize edebilirsiniz. Kullan\u0131c\u0131lar\u0131n\u0131z\u0131n ne g\u00f6rd\u00fc\u011f\u00fcn\u00fc g\u00f6r\u00fcn, nas\u0131l hissettiklerini sorun ve hepsi tek bir g\u00fc\u00e7l\u00fc ve sezgisel platformdan 1:1 ba\u011flant\u0131 kurun.<\/p>\n","protected":false},"excerpt":{"rendered":"<p>Hotjar, kullan\u0131c\u0131lar\u0131n\u0131z\u0131n ne yapt\u0131\u011f\u0131 ve neden yapt\u0131\u011f\u0131 aras\u0131ndaki noktalar\u0131 birle\u015ftirmenize yard\u0131mc\u0131 olur, b\u00f6ylece d\u00f6n\u00fc\u015f\u00fcm sa\u011flayan kullan\u0131c\u0131 deneyimlerini g\u00fcvenle olu\u015fturabilir ve optimize edebilirsiniz. Kullan\u0131c\u0131lar\u0131n\u0131z\u0131n ne g\u00f6rd\u00fc\u011f\u00fcn\u00fc g\u00f6r\u00fcn, nas\u0131l hissettiklerini sorun ve hepsi tek bir g\u00fc\u00e7l\u00fc ve sezgisel platformdan 1:1 ba\u011flant\u0131 kurun.<\/p>\n","protected":false},"featured_media":13365,"comment_status":"open","ping_status":"closed","template":"","meta":[],"product_brand":[],"product_cat":[1413],"product_tag":[1778,1782,1776,1780,1784],"class_list":{"0":"post-13773","1":"product","2":"type-product","3":"status-publish","4":"has-post-thumbnail","6":"product_cat-eklentiler","7":"product_tag-gorsel","8":"product_tag-hotjar-tr","9":"product_tag-icgoruler","10":"product_tag-isi-haritalari","11":"product_tag-kayitlar","13":"first","14":"instock","15":"downloadable","16":"virtual","17":"product-type-simple"},"_links":{"self":[{"href":"https:\/\/hexexist.com\/tr\/wp-json\/wp\/v2\/product\/13773","targetHints":{"allow":["GET"]}}],"collection":[{"href":"https:\/\/hexexist.com\/tr\/wp-json\/wp\/v2\/product"}],"about":[{"href":"https:\/\/hexexist.com\/tr\/wp-json\/wp\/v2\/types\/product"}],"replies":[{"embeddable":true,"href":"https:\/\/hexexist.com\/tr\/wp-json\/wp\/v2\/comments?post=13773"}],"wp:featuredmedia":[{"embeddable":true,"href":"https:\/\/hexexist.com\/tr\/wp-json\/wp\/v2\/media\/13365"}],"wp:attachment":[{"href":"https:\/\/hexexist.com\/tr\/wp-json\/wp\/v2\/media?parent=13773"}],"wp:term":[{"taxonomy":"product_brand","embeddable":true,"href":"https:\/\/hexexist.com\/tr\/wp-json\/wp\/v2\/product_brand?post=13773"},{"taxonomy":"product_cat","embeddable":true,"href":"https:\/\/hexexist.com\/tr\/wp-json\/wp\/v2\/product_cat?post=13773"},{"taxonomy":"product_tag","embeddable":true,"href":"https:\/\/hexexist.com\/tr\/wp-json\/wp\/v2\/product_tag?post=13773"}],"curies":[{"name":"wp","href":"https:\/\/api.w.org\/{rel}","templated":true}]}}