{"id":13774,"date":"2025-10-09T09:50:55","date_gmt":"2025-10-09T09:50:55","guid":{"rendered":"http:\/\/hexexist.com\/product\/woocommerce-icin-dogrudan-odeme\/"},"modified":"2025-10-09T09:50:55","modified_gmt":"2025-10-09T09:50:55","slug":"woocommerce-icin-dogrudan-odeme","status":"publish","type":"product","link":"https:\/\/hexexist.com\/tr\/urun\/woocommerce-icin-dogrudan-odeme\/","title":{"rendered":"WooCommerce i\u00e7in Do\u011frudan \u00d6deme"},"content":{"rendered":"<p>Premium | Demo | Dok\u00fcmantasyon | Topluluk<\/p>\n","protected":false},"excerpt":{"rendered":"<p>Premium | Demo | Dok\u00fcmantasyon | Topluluk<\/p>\n","protected":false},"featured_media":13356,"comment_status":"open","ping_status":"closed","template":"","meta":[],"product_brand":[],"product_cat":[1413],"product_tag":[1777,1779,1781,1785,1783],"class_list":{"0":"post-13774","1":"product","2":"type-product","3":"status-publish","4":"has-post-thumbnail","6":"product_cat-eklentiler","7":"product_tag-woocommerce-ajax-tr","8":"product_tag-woocommerce-ajax-sepeti","9":"product_tag-woocommerce-dogrudan-odeme","10":"product_tag-woocommerce-hizli-satin-alma","11":"product_tag-woocommerce-tek-sayfa-odeme","13":"first","14":"instock","15":"downloadable","16":"virtual","17":"product-type-simple"},"_links":{"self":[{"href":"https:\/\/hexexist.com\/tr\/wp-json\/wp\/v2\/product\/13774","targetHints":{"allow":["GET"]}}],"collection":[{"href":"https:\/\/hexexist.com\/tr\/wp-json\/wp\/v2\/product"}],"about":[{"href":"https:\/\/hexexist.com\/tr\/wp-json\/wp\/v2\/types\/product"}],"replies":[{"embeddable":true,"href":"https:\/\/hexexist.com\/tr\/wp-json\/wp\/v2\/comments?post=13774"}],"wp:featuredmedia":[{"embeddable":true,"href":"https:\/\/hexexist.com\/tr\/wp-json\/wp\/v2\/media\/13356"}],"wp:attachment":[{"href":"https:\/\/hexexist.com\/tr\/wp-json\/wp\/v2\/media?parent=13774"}],"wp:term":[{"taxonomy":"product_brand","embeddable":true,"href":"https:\/\/hexexist.com\/tr\/wp-json\/wp\/v2\/product_brand?post=13774"},{"taxonomy":"product_cat","embeddable":true,"href":"https:\/\/hexexist.com\/tr\/wp-json\/wp\/v2\/product_cat?post=13774"},{"taxonomy":"product_tag","embeddable":true,"href":"https:\/\/hexexist.com\/tr\/wp-json\/wp\/v2\/product_tag?post=13774"}],"curies":[{"name":"wp","href":"https:\/\/api.w.org\/{rel}","templated":true}]}}