{"id":13775,"date":"2025-10-09T09:50:57","date_gmt":"2025-10-09T09:50:57","guid":{"rendered":"http:\/\/hexexist.com\/product\/canli-guncelleme-urlleri\/"},"modified":"2026-03-05T07:55:23","modified_gmt":"2026-03-05T07:55:23","slug":"canli-guncelleme-urlleri","status":"publish","type":"product","link":"https:\/\/hexexist.com\/tr\/urun\/canli-guncelleme-urlleri\/","title":{"rendered":"Canl\u0131 G\u00fcncelleme URL&#8217;leri"},"content":{"rendered":"<p>T\u00fcm siteyi g\u00f6zden ge\u00e7irir ve eski bir URL&#8217;nin t\u00fcm \u00f6rneklerini yenisiyle de\u011fi\u015ftirir. En s\u0131k sitenizin alan ad\u0131n\u0131 de\u011fi\u015ftirirken kullan\u0131l\u0131r. <\/p>\n","protected":false},"excerpt":{"rendered":"<p>T\u00fcm siteyi g\u00f6zden ge\u00e7irir ve eski bir URL&#8217;nin t\u00fcm \u00f6rneklerini yenisiyle de\u011fi\u015ftirir. En s\u0131k sitenizin alan ad\u0131n\u0131 de\u011fi\u015ftirirken kullan\u0131l\u0131r.<\/p>\n","protected":false},"featured_media":13364,"comment_status":"open","ping_status":"closed","template":"","meta":[],"product_brand":[],"product_cat":[1413],"product_tag":[1540,1786,1787,1788,1652],"class_list":{"0":"post-13775","1":"product","2":"type-product","3":"status-publish","4":"has-post-thumbnail","6":"product_cat-eklentiler","7":"product_tag-arama-ve-degistirme","8":"product_tag-etki-alani","9":"product_tag-urlleri-guncelle","10":"product_tag-urls-tr","11":"product_tag-veritabani","13":"first","14":"instock","15":"downloadable","16":"virtual","17":"product-type-simple"},"_links":{"self":[{"href":"https:\/\/hexexist.com\/tr\/wp-json\/wp\/v2\/product\/13775","targetHints":{"allow":["GET"]}}],"collection":[{"href":"https:\/\/hexexist.com\/tr\/wp-json\/wp\/v2\/product"}],"about":[{"href":"https:\/\/hexexist.com\/tr\/wp-json\/wp\/v2\/types\/product"}],"replies":[{"embeddable":true,"href":"https:\/\/hexexist.com\/tr\/wp-json\/wp\/v2\/comments?post=13775"}],"wp:featuredmedia":[{"embeddable":true,"href":"https:\/\/hexexist.com\/tr\/wp-json\/wp\/v2\/media\/13364"}],"wp:attachment":[{"href":"https:\/\/hexexist.com\/tr\/wp-json\/wp\/v2\/media?parent=13775"}],"wp:term":[{"taxonomy":"product_brand","embeddable":true,"href":"https:\/\/hexexist.com\/tr\/wp-json\/wp\/v2\/product_brand?post=13775"},{"taxonomy":"product_cat","embeddable":true,"href":"https:\/\/hexexist.com\/tr\/wp-json\/wp\/v2\/product_cat?post=13775"},{"taxonomy":"product_tag","embeddable":true,"href":"https:\/\/hexexist.com\/tr\/wp-json\/wp\/v2\/product_tag?post=13775"}],"curies":[{"name":"wp","href":"https:\/\/api.w.org\/{rel}","templated":true}]}}