{"id":13776,"date":"2025-10-09T09:51:06","date_gmt":"2025-10-09T09:51:06","guid":{"rendered":"http:\/\/hexexist.com\/product\/okyanus-sosyal-paylasimi\/"},"modified":"2026-03-04T16:01:31","modified_gmt":"2026-03-04T16:01:31","slug":"okyanus-sosyal-paylasimi","status":"publish","type":"product","link":"https:\/\/hexexist.com\/tr\/urun\/okyanus-sosyal-paylasimi\/","title":{"rendered":"Okyanus Sosyal Payla\u015f\u0131m\u0131"},"content":{"rendered":"<p>Tek blog yaz\u0131lar\u0131n\u0131za sosyal payla\u015f\u0131m d\u00fc\u011fmeleri eklemek i\u00e7in basit bir eklenti. Bu eklenti OceanWP temas\u0131n\u0131n y\u00fcklenmesini gerektirir. <\/p>\n","protected":false},"excerpt":{"rendered":"<p>Tek blog yaz\u0131lar\u0131n\u0131za sosyal payla\u015f\u0131m d\u00fc\u011fmeleri eklemek i\u00e7in basit bir eklenti. Bu eklenti OceanWP temas\u0131n\u0131n y\u00fcklenmesini gerektirir.<\/p>\n","protected":false},"featured_media":13412,"comment_status":"open","ping_status":"closed","template":"","meta":[],"product_brand":[],"product_cat":[1413],"product_tag":[1789,1790,1791,1792,1647],"class_list":{"0":"post-13776","1":"product","2":"type-product","3":"status-publish","4":"has-post-thumbnail","6":"product_cat-eklentiler","7":"product_tag-oceanwp-tr","8":"product_tag-paylas","9":"product_tag-sosyal","10":"product_tag-sosyal-paylasim-tr","11":"product_tag-sosyal-paylasim","13":"first","14":"instock","15":"downloadable","16":"virtual","17":"product-type-simple"},"_links":{"self":[{"href":"https:\/\/hexexist.com\/tr\/wp-json\/wp\/v2\/product\/13776","targetHints":{"allow":["GET"]}}],"collection":[{"href":"https:\/\/hexexist.com\/tr\/wp-json\/wp\/v2\/product"}],"about":[{"href":"https:\/\/hexexist.com\/tr\/wp-json\/wp\/v2\/types\/product"}],"replies":[{"embeddable":true,"href":"https:\/\/hexexist.com\/tr\/wp-json\/wp\/v2\/comments?post=13776"}],"wp:featuredmedia":[{"embeddable":true,"href":"https:\/\/hexexist.com\/tr\/wp-json\/wp\/v2\/media\/13412"}],"wp:attachment":[{"href":"https:\/\/hexexist.com\/tr\/wp-json\/wp\/v2\/media?parent=13776"}],"wp:term":[{"taxonomy":"product_brand","embeddable":true,"href":"https:\/\/hexexist.com\/tr\/wp-json\/wp\/v2\/product_brand?post=13776"},{"taxonomy":"product_cat","embeddable":true,"href":"https:\/\/hexexist.com\/tr\/wp-json\/wp\/v2\/product_cat?post=13776"},{"taxonomy":"product_tag","embeddable":true,"href":"https:\/\/hexexist.com\/tr\/wp-json\/wp\/v2\/product_tag?post=13776"}],"curies":[{"name":"wp","href":"https:\/\/api.w.org\/{rel}","templated":true}]}}