{"id":13822,"date":"2025-10-09T09:50:34","date_gmt":"2025-10-09T09:50:34","guid":{"rendered":"http:\/\/hexexist.com\/product\/yapiskan-menu-ve-yapiskan-baslik\/"},"modified":"2025-10-09T09:50:34","modified_gmt":"2025-10-09T09:50:34","slug":"yapiskan-menu-ve-yapiskan-baslik","status":"publish","type":"product","link":"https:\/\/hexexist.com\/tr\/urun\/yapiskan-menu-ve-yapiskan-baslik\/","title":{"rendered":"Yap\u0131\u015fkan Men\u00fc ve Yap\u0131\u015fkan Ba\u015fl\u0131k"},"content":{"rendered":"<p>WP Sticky Menu (veya Sticky Header) On Scroll eklentisi, sayfalar\u0131n\u0131zdaki herhangi bir \u00f6\u011feyi, a\u015fa\u011f\u0131 kayd\u0131rd\u0131\u011f\u0131n\u0131zda sayfan\u0131n \u00fcst k\u0131sm\u0131na ula\u015f\u0131r ula\u015fmaz yap\u0131\u015fkan hale getirmenize olanak tan\u0131r. Bu genellikle y\u00fczen men\u00fcler olu\u015fturmak i\u00e7in men\u00fcleri sayfan\u0131z\u0131n en \u00fcst\u00fcnde tutmak i\u00e7in kullan\u0131lsa da, eklenti herhangi bir \u00f6\u011feyi yap\u0131\u015fkan hale getirmenize olanak tan\u0131r. Yap\u0131\u015fkan bir ba\u015fl\u0131k, yap\u0131\u015fkan men\u00fc, yap\u0131\u015fkan widget (sabit widget), yap\u0131\u015fkan logo, yap\u0131\u015fkan eylem \u00e7a\u011fr\u0131s\u0131 veya kayan men\u00fc olu\u015fturun.<\/p>\n","protected":false},"excerpt":{"rendered":"<p>WP Sticky Menu (veya Sticky Header) On Scroll eklentisi, sayfalar\u0131n\u0131zdaki herhangi bir \u00f6\u011feyi, a\u015fa\u011f\u0131 kayd\u0131rd\u0131\u011f\u0131n\u0131zda sayfan\u0131n \u00fcst k\u0131sm\u0131na ula\u015f\u0131r ula\u015fmaz yap\u0131\u015fkan hale getirmenize olanak tan\u0131r. Bu genellikle y\u00fczen men\u00fcler olu\u015fturmak i\u00e7in men\u00fcleri sayfan\u0131z\u0131n en \u00fcst\u00fcnde tutmak i\u00e7in kullan\u0131lsa da, eklenti herhangi bir \u00f6\u011feyi yap\u0131\u015fkan hale getirmenize olanak tan\u0131r. Yap\u0131\u015fkan bir ba\u015fl\u0131k, yap\u0131\u015fkan men\u00fc, yap\u0131\u015fkan widget [&hellip;]<\/p>\n","protected":false},"featured_media":13256,"comment_status":"open","ping_status":"closed","template":"","meta":[],"product_brand":[],"product_cat":[1413],"product_tag":[1799,1793,1796,1800,1798],"class_list":{"0":"post-13822","1":"product","2":"type-product","3":"status-publish","4":"has-post-thumbnail","6":"product_cat-eklentiler","7":"product_tag-yapiskan","8":"product_tag-yapiskan-baslik","9":"product_tag-yapiskan-menu","10":"product_tag-yapiskan-widget","11":"product_tag-yuzen-menu","13":"first","14":"instock","15":"downloadable","16":"virtual","17":"product-type-simple"},"_links":{"self":[{"href":"https:\/\/hexexist.com\/tr\/wp-json\/wp\/v2\/product\/13822","targetHints":{"allow":["GET"]}}],"collection":[{"href":"https:\/\/hexexist.com\/tr\/wp-json\/wp\/v2\/product"}],"about":[{"href":"https:\/\/hexexist.com\/tr\/wp-json\/wp\/v2\/types\/product"}],"replies":[{"embeddable":true,"href":"https:\/\/hexexist.com\/tr\/wp-json\/wp\/v2\/comments?post=13822"}],"wp:featuredmedia":[{"embeddable":true,"href":"https:\/\/hexexist.com\/tr\/wp-json\/wp\/v2\/media\/13256"}],"wp:attachment":[{"href":"https:\/\/hexexist.com\/tr\/wp-json\/wp\/v2\/media?parent=13822"}],"wp:term":[{"taxonomy":"product_brand","embeddable":true,"href":"https:\/\/hexexist.com\/tr\/wp-json\/wp\/v2\/product_brand?post=13822"},{"taxonomy":"product_cat","embeddable":true,"href":"https:\/\/hexexist.com\/tr\/wp-json\/wp\/v2\/product_cat?post=13822"},{"taxonomy":"product_tag","embeddable":true,"href":"https:\/\/hexexist.com\/tr\/wp-json\/wp\/v2\/product_tag?post=13822"}],"curies":[{"name":"wp","href":"https:\/\/api.w.org\/{rel}","templated":true}]}}